{"id":866,"date":"2025-04-08T14:15:20","date_gmt":"2025-04-08T11:15:20","guid":{"rendered":"https:\/\/suomikasinot.fi\/?page_id=866"},"modified":"2025-04-08T14:15:23","modified_gmt":"2025-04-08T11:15:23","slug":"saannot-ja-ehdot","status":"publish","type":"page","link":"https:\/\/suomikasinot.fi\/fi-fi\/saannot-ja-ehdot\/","title":{"rendered":"S\u00e4\u00e4nn\u00f6t ja ehdot"},"content":{"rendered":"\n<h2 class=\"wp-block-heading\" class=\"wp-block-heading\" id=\"ehtojen-hyvaksyminen\">Ehtojen hyv\u00e4ksyminen<\/h2>\n\n\n\n<p><a href=\"https:\/\/suomikasinot.fi\/\">Suomikasinot.fi<\/a> tarjoaa palveluitaan seuraavien k\u00e4ytt\u00f6ehtojen mukaisesti. Hyv\u00e4ksyt k\u00e4ytt\u00f6ehdot k\u00e4ytt\u00e4m\u00e4ll\u00e4 t\u00e4t\u00e4 verkkosivustoa ja vahvistat samalla, ett\u00e4 olet lukenut ja ymm\u00e4rt\u00e4nyt ehdot ja sitoudut noudattamaan niit\u00e4. Voimme p\u00e4ivitt\u00e4\u00e4 k\u00e4ytt\u00f6ehtoja ajoittain ilman erillist\u00e4 ilmoitusta.<\/p>\n\n\n\n<h2 class=\"wp-block-heading\" class=\"wp-block-heading\" id=\"palvelun-kuvaus\">Palvelun kuvaus<\/h2>\n\n\n\n<p>Suomikasinot.fi ei ole kasino-operaattori tai online-rahapelien tarjoaja. Suomikasinot.fi sivuston tarkoitus on esitell\u00e4 nettikasinoita, kasinopelej\u00e4 sek\u00e4 kasinotarjouksia mainostus- ja tiedotustarkoituksessa. Kaikki esittelem\u00e4mme kasinot ovat lisensoituja ja s\u00e4\u00e4nneltyj\u00e4 niiden maantieteellisten alueiden mukaisesti, joilla ne sijaitsevat.<\/p>\n\n\n\n<p>Suomikasinot.fi ei anna mink\u00e4\u00e4nlaisia vakuutuksia tai takuita (a) t\u00e4m\u00e4n verkkosivuston sis\u00e4lt\u00e4mien tietojen, tekstien, grafiikoiden, linkkien tai muun sis\u00e4ll\u00f6n tarkkuudesta, ajantasaisuudesta, luotettavuudesta tai t\u00e4ydellisyydest\u00e4; (b) kolmansien osapuolten tarjoamien tuotteiden tai kampanjoiden k\u00e4ytt\u00f6kelpoisuudesta, omistusoikeudesta ja\/tai siit\u00e4, ett\u00e4 ne eiv\u00e4t loukkaa kolmansien osapuolten tarjoamia tuotteita tai kampanjoita; tai (c) tietokoneviruksista, vioista, virheist\u00e4 tai puutteista ohjelmistoissa tai palveluissa, joita tarjoamme itse tai kolmannet osapuolet ja jotka vahingoittavat tietokonelaitteitasi tai muuta henkil\u00f6kohtaista omaisuutta. Kaikki t\u00e4m\u00e4n verkkosivuston sis\u00e4lt\u00e4m\u00e4t tiedot tarjotaan sellaisenaan ja ilman mink\u00e4\u00e4nlaista takuuta.<\/p>\n\n\n\n<p>Asioimalla Suomikasinot.fi-sivustolla ja tarjoamillamme kasinosivustoilla vahvistat ymm\u00e4rt\u00e4v\u00e4si, ett\u00e4 voit mahdollisesti menett\u00e4\u00e4 osan tai kaikki n\u00e4ille nettikasinoille talletetut ja panostetut rahat. Ymm\u00e4rr\u00e4t, ett\u00e4 Suomikasinot.fi -sivustolla luetelluilla nettikasinoilla pelaamisesta aiheutuneet tappiot eiv\u00e4t ole Suomikasinot.fi -sivuston tai sen alihankkijoiden tai toimittajien vastuulla.<\/p>\n\n\n\n<h2 class=\"wp-block-heading\" class=\"wp-block-heading\" id=\"kayttajan-velvollisuudet\">K\u00e4ytt\u00e4j\u00e4n velvollisuudet<\/h2>\n\n\n\n<p>Kaikki Suomikasinot.fi sivustolla esitellyt kasinot voivat muuttaa tarjoamiaan kampanjoita sek\u00e4 s\u00e4\u00e4nt\u00f6j\u00e4 ja ehtoja. Kaikki sivustoltamme l\u00f6ytyv\u00e4t nettikasinot ovat riippumattomia Suomikasinot.fi:st\u00e4, joten se voi my\u00f6s peruuttaa kampanjan ilman ennakkoilmoitusta. Suomikasinot.fi suosittelee, ett\u00e4 tarkistat aina ennen pelaamista kaikki kyseisen sivuston s\u00e4\u00e4nn\u00f6t ja rajoitukset. Pelaajana vastuullasi on varmistaa, ett\u00e4 sinulla on ajantasainen tieto kasinon palveluista.<\/p>\n\n\n\n<p>Suomikasinot.fi suosittelee, ett\u00e4 tarkistat my\u00f6s oman alueesi voimassa olevat lait ennen kuin pelaat edustamillamme kasinolla. Nettikasinoiden ja nettipelaamisen on oltava laillista asuinmaassasi ja sinun on oltava t\u00e4ysi-ik\u00e4inen. Sinun on my\u00f6s maksettava asuinmaassasi sovellettavat verot. Vastuullasi on tuntea ja kunnioittaa paikallisia lakeja, jotka koskevat rahapelien pelaamista netiss\u00e4.<\/p>\n\n\n\n<p>K\u00e4ytt\u00e4m\u00e4ll\u00e4 Suomikasinot.fi:\u00e4, sitoudut siihen, ett\u00e4 et: (1) k\u00e4ytt\u00e4ydy mill\u00e4\u00e4n tavalla, joka: voidaan (a) tulkita laittomaksi, uhkaavaksi, haitalliseksi, loukkaavaksi, ahdistelevaksi, vahingolliseksi, kunnianloukkaavaksi, herjaavaksi, mauttomaksi, vihamieliseksi, s\u00e4\u00e4dytt\u00f6m\u00e4ksi, loukkaavaksi, rodullisesti, etnisesti tai muulla tavoin paheksuttavaksi, pornografiseksi, (b) jonka tarkoituksena on h\u00e4irit\u00e4 tai keskeytt\u00e4\u00e4 t\u00e4m\u00e4 verkkosivusto tai mik\u00e4 tahansa tarjottu palvelu, (c) sis\u00e4lt\u00e4\u00e4 viruksen tai muun tietokonekoodin, tiedostoja tai ohjelmia, jotka on suunniteltu tuhoamaan tai rajoittamaan mink\u00e4 tahansa tietokoneohjelmiston tai -laitteiston toimintaa, (d) aiheuttaa siviili- tai rikosoikeudellisen vastuun tai rikkoa sovellettavaa paikallista, kansallista tai kansainv\u00e4list\u00e4 lains\u00e4\u00e4d\u00e4nt\u00f6\u00e4; (2) henkil\u00f6itym\u00e4ll\u00e4 mihink\u00e4\u00e4n henkil\u00f6\u00f6n tai yhteis\u00f6\u00f6n, mukaan lukien, mutta ei rajoittuen, Suomikasinot.fi:n ty\u00f6ntekij\u00e4 tai valheellisesti ilmoittaa tai muuten v\u00e4\u00e4rist\u00e4\u00e4 yhteytens\u00e4 johonkin henkil\u00f6\u00f6n tai yhteis\u00f6\u00f6n, v\u00e4\u00e4rent\u00e4\u00e4 tai muuten pyrki\u00e4 peitt\u00e4m\u00e4\u00e4n tai v\u00e4\u00e4ristelem\u00e4\u00e4n mink\u00e4 tahansa toimittamasi sis\u00e4ll\u00f6n alkuper\u00e4\u00e4; (3) ker\u00e4t\u00e4 tietoja muista t\u00e4m\u00e4n verkkosivuston k\u00e4ytt\u00e4jist\u00e4; (4) k\u00e4ytt\u00e4\u00e4 t\u00e4t\u00e4 verkkosivustoa mink\u00e4 tahansa sis\u00e4ll\u00f6n tai palvelun tarjoamiseen kaupallisella tavalla tai mill\u00e4\u00e4n tavalla, joka sis\u00e4lt\u00e4isi roskapostia, ketjukirjeit\u00e4, pyramidihuijauksia tai muunlaista luvattoman mainonnan muotoa ilman Suomikasinot.fi:n etuk\u00e4teen antamaa kirjallista suostumusta; ja (5) tarjota mit\u00e4\u00e4n sellaista sis\u00e4lt\u00f6\u00e4, joka voi aiheuttaa siviili- tai rikosoikeudellisen vastuun Suomikasinot.fi:n ty\u00f6ntekij\u00f6ille, mainostajille, yhteisty\u00f6kumppaneille, tai joka voi muodostaa tai jota voidaan pit\u00e4\u00e4 mink\u00e4 tahansa paikallisen, kansallisen tai kansainv\u00e4lisen lain rikkomisena, mukaan lukien, mutta ei rajoittuen, tekij\u00e4noikeuksiin, tavaramerkkeihin, patentteihin tai liikesalaisuuksiin liittyviin lakeihin.<\/p>\n\n\n\n<h2 class=\"wp-block-heading\" class=\"wp-block-heading\" id=\"yksityisyyden-suoja\">Yksityisyyden suoja<\/h2>\n\n\n\n<p>Suomikasinot.fi -sivulta l\u00f6ytyy erillinen tietosuojaseloste ja ev\u00e4stek\u00e4yt\u00e4nt\u00f6, joka sis\u00e4lt\u00e4\u00e4 tarkempia lis\u00e4tietoja siit\u00e4, miten k\u00e4sittelemme tietojasi.<\/p>\n\n\n\n<p>Linkit kolmannen osapuolen verkkosivustoille<\/p>\n\n\n\n<p>Suomikasinot.fi tarjoaa linkkej\u00e4 kolmannen osapuolen verkkosivustoille, kuten nettikasinoille ja muille rahapelialan sivustoille. Suomikasinot.fi -sivustolla ei ole m\u00e4\u00e4r\u00e4ysvaltaa n\u00e4ihin ulkoisiin verkkosivustoihin eik\u00e4 sit\u00e4 voi pit\u00e4\u00e4 vastuullisena mist\u00e4\u00e4n sis\u00e4ll\u00f6st\u00e4, mainonnasta, tuotteista tai muusta materiaalista, joka on saatavilla n\u00e4ill\u00e4 ulkoisilla verkkosivustoilla. Hyv\u00e4ksyt, ett\u00e4 sinuun sovelletaan kaikkia kyseisiin verkkosivustoihin sovellettavia s\u00e4\u00e4nt\u00f6j\u00e4, etk\u00e4 voi pit\u00e4\u00e4 Suomikasinot.fi:\u00e4 vastuussa mist\u00e4\u00e4n vahingoista tai menetyksist\u00e4, jotka ovat tai joiden v\u00e4itet\u00e4\u00e4n aiheutuneen t\u00e4llaisten verkkosivustojen sis\u00e4ll\u00f6n k\u00e4yt\u00f6st\u00e4 tai siihen luottamisesta.<\/p>\n\n\n\n<h2 class=\"wp-block-heading\" class=\"wp-block-heading\" id=\"korvaukset\">Korvaukset<\/h2>\n\n\n\n<p>Sitoudut pit\u00e4m\u00e4\u00e4n Suomikasinot.fi:n ja sen toimihenkil\u00f6t, ty\u00f6ntekij\u00e4t ja yhteisty\u00f6kumppanit vahingoittumattomina kaikista kolmannen osapuolen esitt\u00e4mist\u00e4 vaatimuksista, mukaan lukien asianajopalkkiot, jotka johtuvat omasta toiminnastasi, n\u00e4iden k\u00e4ytt\u00f6ehtojen rikkomisesta tai toisen osapuolen oikeuksien rikkomisesta.<\/p>\n\n\n\n<h2 class=\"wp-block-heading\" class=\"wp-block-heading\" id=\"immateriaalioikeudet\">Immateriaalioikeudet<\/h2>\n\n\n\n<p>Sitoudut olemaan j\u00e4ljent\u00e4m\u00e4tt\u00e4, monistamatta, kopioimatta, myym\u00e4tt\u00e4, j\u00e4lleenmyym\u00e4tt\u00e4 tai hy\u00f6dynt\u00e4m\u00e4tt\u00e4 kaupallisiin tarkoituksiin mit\u00e4\u00e4n Suomikasinot.fi verkkosivuston osaa, mukaan lukien p\u00e4\u00e4sy t\u00e4lle verkkosivustolle ja sen k\u00e4ytt\u00f6.<\/p>\n\n\n\n<h2 class=\"wp-block-heading\" class=\"wp-block-heading\" id=\"vastuuvapauslauseke\">Vastuuvapauslauseke<\/h2>\n\n\n\n<p>T\u00e4m\u00e4n verkkosivuston ja sen tarjoamien palveluiden tai sis\u00e4ll\u00f6n k\u00e4ytt\u00f6 tapahtuu omalla vastuullasi. Ne tarjotaan sinulle sellaisenaan ja Suomikasinot.fi kielt\u00e4ytyy mink\u00e4\u00e4nlaisista takuista, mukaan lukien, mutta ei rajoittuen, takuisiin myyntikelpoisuudesta, sopivuudesta tiettyyn tarkoitukseen ja loukkaamattomuudesta.<\/p>\n\n\n\n<p>Suomikasinot.fi ei anna takuuta siit\u00e4, ett\u00e4 mik\u00e4\u00e4n palvelun osa on keskeytym\u00e4t\u00f6n, virheet\u00f6n, virukseton, ajantasainen, turvallinen, luotettava tai laadukas, eik\u00e4 se takaa ett\u00e4 mik\u00e4\u00e4n sis\u00e4lt\u00f6 on mill\u00e4\u00e4n tavalla turvallista ladattavaksi. Suomikasinot.fi tai yksik\u00e4\u00e4n palveluntarjoaja ei tarjoa mink\u00e4\u00e4nlaista ammatillista neuvontaa, joten t\u00e4m\u00e4n verkkosivuston kautta saatujen tietojen k\u00e4ytt\u00f6 on yksinomaan omalla vastuullasi, eik\u00e4 Suomikasinot.fi:\u00e4 voida pit\u00e4\u00e4 mill\u00e4\u00e4n tavalla vastuullisena.<\/p>\n\n\n\n<p>Joillakin laink\u00e4ytt\u00f6alueilla ei ehk\u00e4 sallita vastuuvapauslausekkeita, ja tietyt yll\u00e4 olevan vastuuvapauslausekkeen lausekkeet eiv\u00e4t ehk\u00e4 koske sinua takuiden osalta; muut ehdot ovat siit\u00e4 huolimatta t\u00e4yt\u00e4nt\u00f6\u00f6npanokelpoisia.<\/p>\n\n\n\n<h2 class=\"wp-block-heading\" class=\"wp-block-heading\" id=\"vastuunrajoitus\">Vastuunrajoitus<\/h2>\n\n\n\n<p>Suomikasinot.fi ei ole vastuussa mist\u00e4\u00e4n suorista, ep\u00e4suorista, erityisist\u00e4, ohjeellisista, v\u00e4lillisist\u00e4 tai v\u00e4litt\u00f6mist\u00e4 vahingoista; t\u00e4m\u00e4 sis\u00e4lt\u00e4\u00e4, mutta ei rajoitu, vahingot rahallisesta menetyksest\u00e4, voiton menetyksest\u00e4, k\u00e4yt\u00f6st\u00e4, tiedoista tai muusta aineettomasta menetyksest\u00e4 (vaikka Suomikasinot.fi on tietoinen t\u00e4llaisten vahinkojen mahdollisuudesta), jotka johtuvat (I) palvelun k\u00e4yt\u00f6st\u00e4 tai kyvytt\u00f6myydest\u00e4 k\u00e4ytt\u00e4\u00e4 palvelua, (II) korvaavien tavaroiden ja\/tai palvelujen hankkimisesta aiheutuvista kustannuksista, jotka johtuvat palvelun kautta tehdyist\u00e4 liiketoimista, (III) luvattomasta p\u00e4\u00e4syst\u00e4 tai tietojensiirtojen muuttamisesta, (IV) mink\u00e4 tahansa kolmannen osapuolen lausunnoista tai mink\u00e4 tahansa kolmannen osapuolen k\u00e4ytt\u00e4ytymisest\u00e4 palvelua k\u00e4ytt\u00e4en tai (V) mist\u00e4 tahansa muusta palveluun liittyv\u00e4st\u00e4 asiasta.<\/p>\n\n\n\n<p>Joillakin laink\u00e4ytt\u00f6alueilla vastuun rajoittaminen ei ole sallittua, joten t\u00e4llaiset rajoitukset eiv\u00e4t v\u00e4ltt\u00e4m\u00e4tt\u00e4 koske sinua.<\/p>\n\n\n\n<h2 class=\"wp-block-heading\" class=\"wp-block-heading\" id=\"tekijanoikeudet\">Tekij\u00e4noikeudet<\/h2>\n\n\n\n<p>Suomikasinot.fi pid\u00e4tt\u00e4\u00e4 kaikki oikeutensa, mukaan lukien mutta ei rajoittuen kaikkiin tekij\u00e4noikeuksiin, tavaramerkkeihin, patentteihin, liikesalaisuuksiin ja muihin omistusoikeuksiin, joita Suomikasinot.fi:lla voi olla t\u00e4h\u00e4n verkkosivustoon, sen sis\u00e4lt\u00f6\u00f6n ja sen tarjoamiin tavaroihin ja palveluihin. Suomikasinot.fi:n oikeuksien ja omaisuuden k\u00e4ytt\u00f6 edellytt\u00e4\u00e4 Suomikasinot.fi:n etuk\u00e4teen antamaa kirjallista suostumusta. Asettamalla t\u00e4m\u00e4n Suomikasinot.fi verkkosivuston ja sen palvelut saatavillesi, ei anna sinulle mit\u00e4\u00e4n lisenssej\u00e4 tai oikeuksia, eik\u00e4 sinulla ole oikeutta k\u00e4ytt\u00e4\u00e4 t\u00e4t\u00e4 verkkosivustoa tai palvelua kaupallisesti ilman Suomikasinot.fi:n etuk\u00e4teen antamaa kirjallista suostumusta.<\/p>\n\n\n\n<p>Tekij\u00e4noikeuksien loukkaaminen<\/p>\n\n\n\n<p>Mik\u00e4li uskot, ett\u00e4 omaisuuttasi on k\u00e4ytetty tavalla, jota voidaan pit\u00e4\u00e4 tekij\u00e4noikeusrikkomuksena tai immateriaalioikeutesi loukkauksena, ota yhteytt\u00e4 osoitteeseen info@suomikasinot.fi.<\/p>\n\n\n\n<p>Teemme parhaamme tarjotaksemme ajantasaista tietoa. Mik\u00e4li havaitset ep\u00e4t\u00e4ydellisi\u00e4 tai ep\u00e4tarkkoja tietoja, pyyd\u00e4mme sinua ilmoittamaan niist\u00e4. Meid\u00e4t tavoittaa s\u00e4hk\u00f6postitse osoitteesta info@suomikasinot.fi. Voit lukea meist\u00e4 lis\u00e4\u00e4 Suomikasinot sivullamme.<\/p>\n\n\n\n<h2 class=\"wp-block-heading\" class=\"wp-block-heading\" id=\"sovellettava-laki\">Sovellettava laki<\/h2>\n\n\n\n<p>Hyv\u00e4ksyt, ett\u00e4 n\u00e4it\u00e4 k\u00e4ytt\u00f6ehtoja ja kaikkia Suomikasinot.fi tuotteiden tai palveluiden k\u00e4yt\u00f6st\u00e4si johtuvia riitoja s\u00e4\u00e4nnell\u00e4\u00e4n ja tulkitaan Suomikasinot.fi:n konttorin sijaintipaikan voimassa olevien paikallisten lakien mukaisesti, ottamatta huomioon lainvalintas\u00e4\u00e4nn\u00f6ksi\u00e4.<\/p>\n","protected":false},"excerpt":{"rendered":"<p>Ehtojen hyv\u00e4ksyminen Suomikasinot.fi tarjoaa palveluitaan seuraavien k\u00e4ytt\u00f6ehtojen mukaisesti. Hyv\u00e4ksyt k\u00e4ytt\u00f6ehdot k\u00e4ytt\u00e4m\u00e4ll\u00e4 t\u00e4t\u00e4 verkkosivustoa ja vahvistat samalla, ett\u00e4 olet lukenut ja ymm\u00e4rt\u00e4nyt ehdot ja sitoudut noudattamaan&#8230;<\/p>\n","protected":false},"author":8,"featured_media":0,"parent":0,"menu_order":0,"comment_status":"closed","ping_status":"closed","template":"","meta":{"_acf_changed":false,"footnotes":""},"class_list":["post-866","page","type-page","status-publish","hentry"],"acf":[],"_links":{"self":[{"href":"https:\/\/suomikasinot.fi\/fi-fi\/wp-json\/wp\/v2\/pages\/866","targetHints":{"allow":["GET"]}}],"collection":[{"href":"https:\/\/suomikasinot.fi\/fi-fi\/wp-json\/wp\/v2\/pages"}],"about":[{"href":"https:\/\/suomikasinot.fi\/fi-fi\/wp-json\/wp\/v2\/types\/page"}],"author":[{"embeddable":true,"href":"https:\/\/suomikasinot.fi\/fi-fi\/wp-json\/wp\/v2\/users\/8"}],"replies":[{"embeddable":true,"href":"https:\/\/suomikasinot.fi\/fi-fi\/wp-json\/wp\/v2\/comments?post=866"}],"version-history":[{"count":1,"href":"https:\/\/suomikasinot.fi\/fi-fi\/wp-json\/wp\/v2\/pages\/866\/revisions"}],"predecessor-version":[{"id":867,"href":"https:\/\/suomikasinot.fi\/fi-fi\/wp-json\/wp\/v2\/pages\/866\/revisions\/867"}],"wp:attachment":[{"href":"https:\/\/suomikasinot.fi\/fi-fi\/wp-json\/wp\/v2\/media?parent=866"}],"curies":[{"name":"wp","href":"https:\/\/api.w.org\/{rel}","templated":true}]}}