{"id":409,"date":"2024-12-10T15:36:50","date_gmt":"2024-12-10T13:36:50","guid":{"rendered":"https:\/\/suomikasinot.fi\/?page_id=409"},"modified":"2025-03-27T14:00:39","modified_gmt":"2025-03-27T12:00:39","slug":"tietoa-meista","status":"publish","type":"page","link":"https:\/\/suomikasinot.fi\/fi-fi\/tietoa-meista\/","title":{"rendered":"Tietoa meist\u00e4"},"content":{"rendered":"\n<p>Vuonna 2018 perustettu <a href=\"https:\/\/suomikasinot.fi\/\">Suomikasinot.fi<\/a> on suomalaisille kasinopelaajille suunnattu<br>kasinovertailusivusto. Suomikasinot.fi tarjoaa aina ajankohtaista ja luotettavaa tietoa<br>suomalaisista nettikasinoista, peleist\u00e4 ja bonuksista.<\/p>\n\n\n\n<p>Sivustomme lukijat l\u00f6yt\u00e4v\u00e4t sivustolta aina tuoreinta tietoa uusimmista suomalaisille suunnatuista<br>kasinoista, parhaista bonustarjouksista sek\u00e4 turvallisista pelipaikoista.<\/p>\n\n\n\n<p>Suomikasinot.fi yll\u00e4pit\u00e4\u00e4 listauksia sadoista nettikasinoista ja auttaa pelaajia l\u00f6yt\u00e4m\u00e4\u00e4n<br>sopivimman pelipaikan helposti ja nopeasti.<\/p>\n\n\n\n<p>Lis\u00e4ksi tarjoamme eksklusiivisia etuja, joita ei netin muilta sivustoilta saa.<\/p>\n\n\n\n<h2 class=\"wp-block-heading\" class=\"wp-block-heading\" id=\"ota-yhteytta\">Ota yhteytt\u00e4<\/h2>\n\n\n\n<p>Mik\u00e4li sinulla on kysytt\u00e4v\u00e4\u00e4 Suomikasinot.fi-sivustosta tai haluat antaa palautetta, voit ottaa meihin<br>milloin tahansa yhteytt\u00e4 yhteydenottolomakkeemme kautta tai l\u00e4hett\u00e4m\u00e4ll\u00e4 s\u00e4hk\u00f6postia <strong>info@suomikasinot.fi<\/strong><\/p>\n\n\n\n<p>Osaava tiimimme on aina valmiina auttamaan!<\/p>\n\n\n\n<h2 class=\"wp-block-heading\" class=\"wp-block-heading\" id=\"kuka-toimii-suomikasinot-fi-taustalla\">Kuka toimii Suomikasinot.fi taustalla?<\/h2>\n\n\n\n<p>Suomikasinot.fi takana on joukko rahapelialan ja nettimarkkinoinnin asiantuntijoita. Tiimill\u00e4mme on<br>yhteens\u00e4 yli 50 vuoden kokemus alalta, ja osa tiimist\u00e4mme on ty\u00f6skennellyt aiemmin johtavilla<br>kansainv\u00e4lisill\u00e4 kasino-operaattoreilla.<\/p>\n\n\n\n<p>Verkossa operoiva tiimimme seuraa aktiivisesti kasinoalan kehityst\u00e4 ja huolehtii siit\u00e4, ett\u00e4<br>sivustollamme oleva tieto on aina ajan tasalla.<\/p>\n\n\n\n<h2 class=\"wp-block-heading\" class=\"wp-block-heading\" id=\"mita-suomikasinot-fi-tarjoaa\">Mit\u00e4 Suomikasinot.fi tarjoaa?<\/h2>\n\n\n\n<h3 class=\"wp-block-heading\">Nettikasinoiden arvostelu ja vertailu<\/h3>\n\n\n\n<p>Suomikasinot.fi kokoaa yhteen satoja nettikasinoita, jotta k\u00e4ytt\u00e4j\u00e4mme voivat helposti vertailla eri<br>vaihtoehtoja. Kasinoarvosteluissamme k\u00e4sitell\u00e4\u00e4n muun muassa:<\/p>\n\n\n\n<ul class=\"wp-block-list\">\n<li><a href=\"https:\/\/suomikasinot.fi\/kasinobonukset\/\">Kasinobonukset<\/a> ja ilmaiskierrokset<\/li>\n\n\n\n<li>Pelivalikoima ja palvelun laatu<\/li>\n\n\n\n<li>Turvallisuus ja lisenssit<\/li>\n\n\n\n<li>Rahansiirtojen nopeus ja luotettavuus<\/li>\n<\/ul>\n\n\n\n<h2 class=\"wp-block-heading\" class=\"wp-block-heading\" id=\"kasinot-kategorioittain\">Kasinot kategorioittain<\/h2>\n\n\n\n<p>Jotta sivustoltamme olisi helppo l\u00f6yt\u00e4\u00e4 jokaisen tarpeisiin sopiva pelipaikka, olemme luoneet<br>kategorioita, kuten:<\/p>\n\n\n\n<ul class=\"wp-block-list\">\n<li><a href=\"https:\/\/suomikasinot.fi\/kasinot-ilman-rekisteroitymista\/\">Kasinot ilman rekister\u00f6itymist\u00e4<\/a><\/li>\n\n\n\n<li><a href=\"https:\/\/suomikasinot.fi\/ilmaiskierrokset\/\">Ilmaiskierroksia tarjoavat kasinot<\/a><\/li>\n\n\n\n<li><a href=\"https:\/\/suomikasinot.fi\/kasinot-ilman-kierratysta\/\">Kasinot ilman kierr\u00e4tyst\u00e4<\/a><\/li>\n\n\n\n<li>Pay N Play -kasinot<\/li>\n\n\n\n<li><a href=\"https:\/\/suomikasinot.fi\/ilman-talletusta\/\">Kasinot ilman talletusta<\/a><\/li>\n<\/ul>\n\n\n\n<h3 class=\"wp-block-heading\">Eksklusiiviset bonukset<\/h3>\n\n\n\n<p>Suomikasinot.fi tarjoaa k\u00e4ytt\u00e4jilleen ainutlaatuisia bonuksia, joita ei muualta saa. T\u00e4m\u00e4 tarkoittaa<br>parempia tarjouksia, enemm\u00e4n ilmaiskierroksia ja matalampia kierr\u00e4tysvaatimuksia.<\/p>\n\n\n\n<h3 class=\"wp-block-heading\">Ajankohtaiset uutiset<\/h3>\n\n\n\n<p>Julkaisemme sivustollamme s\u00e4\u00e4nn\u00f6llisesti uutisia kasinoalan uusimmista k\u00e4\u00e4nteist\u00e4, kuten uusista<br>peleist\u00e4, teknologisista innovaatioista ja Suomen rahapelimarkkinan kehityksest\u00e4.<\/p>\n\n\n\n<h3 class=\"wp-block-heading\">Kattavia pelioppaita<\/h3>\n\n\n\n<p>Tarjoamme kattavia oppaita, joiden avulla pelaajat voivat opetella esimerkiksi blackjackin, ruletin ja<br>pokerin perusteet. Lis\u00e4ksi kerromme monipuolisesti tietoa erilaisista bonuksista,<br>maksumenetelmist\u00e4 sek\u00e4 muista nettikasinopelaamisen kannalta olennaisista aihealueista.<\/p>\n\n\n\n<h2 class=\"wp-block-heading\" class=\"wp-block-heading\" id=\"miksi-valita-suomikasinot-fi\">Miksi valita Suomikasinot.fi?<\/h2>\n\n\n\n<p>Suomikasinot.fi on luotettava ja l\u00e4pin\u00e4kyv\u00e4 kasinovertailusivusto, jonka taustalla toimii joukko alan<br>intohimoisia harrastajia. Listauksistamme l\u00f6ytyy ainoastaan lisensoituja ja turvallisia nettikasinoita.<br>K\u00e4ytt\u00e4j\u00e4yst\u00e4v\u00e4llisyys, selkeys ja ajankohtaisuus ovat toimintamme kulmakivi\u00e4.<\/p>\n\n\n\n<p>Lis\u00e4ksi kaikki yhteisty\u00f6kumppanimme on tarkkaan valikoitu varmistaaksemme aina turvalliset ja<br>laadukkaat pelikokemukset.<\/p>\n\n\n\n<p>Suosittelemme tilaamaan uutiskirjeemme, jotta pysyt ajan tasalla uusimmista bonuksista ja<br>kasinoista!<\/p>\n\n\n\n<p><\/p>\n","protected":false},"excerpt":{"rendered":"<p>Vuonna 2018 perustettu Suomikasinot.fi on suomalaisille kasinopelaajille suunnattukasinovertailusivusto. Suomikasinot.fi tarjoaa aina ajankohtaista ja luotettavaa tietoasuomalaisista nettikasinoista, peleist\u00e4 ja bonuksista. Sivustomme lukijat l\u00f6yt\u00e4v\u00e4t sivustolta aina tuoreinta&#8230;<\/p>\n","protected":false},"author":8,"featured_media":0,"parent":0,"menu_order":0,"comment_status":"closed","ping_status":"closed","template":"template-fullwidth.php","meta":{"_acf_changed":false,"footnotes":""},"class_list":["post-409","page","type-page","status-publish","hentry"],"acf":[],"_links":{"self":[{"href":"https:\/\/suomikasinot.fi\/fi-fi\/wp-json\/wp\/v2\/pages\/409","targetHints":{"allow":["GET"]}}],"collection":[{"href":"https:\/\/suomikasinot.fi\/fi-fi\/wp-json\/wp\/v2\/pages"}],"about":[{"href":"https:\/\/suomikasinot.fi\/fi-fi\/wp-json\/wp\/v2\/types\/page"}],"author":[{"embeddable":true,"href":"https:\/\/suomikasinot.fi\/fi-fi\/wp-json\/wp\/v2\/users\/8"}],"replies":[{"embeddable":true,"href":"https:\/\/suomikasinot.fi\/fi-fi\/wp-json\/wp\/v2\/comments?post=409"}],"version-history":[{"count":7,"href":"https:\/\/suomikasinot.fi\/fi-fi\/wp-json\/wp\/v2\/pages\/409\/revisions"}],"predecessor-version":[{"id":807,"href":"https:\/\/suomikasinot.fi\/fi-fi\/wp-json\/wp\/v2\/pages\/409\/revisions\/807"}],"wp:attachment":[{"href":"https:\/\/suomikasinot.fi\/fi-fi\/wp-json\/wp\/v2\/media?parent=409"}],"curies":[{"name":"wp","href":"https:\/\/api.w.org\/{rel}","templated":true}]}}