{"id":406,"date":"2024-12-10T15:32:12","date_gmt":"2024-12-10T13:32:12","guid":{"rendered":"https:\/\/suomikasinot.fi\/?page_id=406"},"modified":"2025-01-10T11:54:54","modified_gmt":"2025-01-10T09:54:54","slug":"tietosuojaseloste","status":"publish","type":"page","link":"https:\/\/suomikasinot.fi\/fi-fi\/tietosuojaseloste\/","title":{"rendered":"Tietosuojaseloste ja ev\u00e4stek\u00e4yt\u00e4nt\u00f6"},"content":{"rendered":"\n<p>Suomikasinot.fi kunnioittaa yksityisyytt\u00e4si ja sitoutuu k\u00e4sittelem\u00e4\u00e4n henkil\u00f6tietojasi vastuullisesti,<br>turvallisesti ja tietosuojalains\u00e4\u00e4d\u00e4nn\u00f6n mukaisesti. T\u00e4ll\u00e4 tietosuojaselosteella haluamme kertoa,<br>miten k\u00e4sittelemme tietojasi, miksi niit\u00e4 ker\u00e4t\u00e4\u00e4n ja mit\u00e4 oikeuksia sinulla on omien tietojesi<br>suhteen.<\/p>\n\n\n\n<h2 class=\"wp-block-heading\" class=\"wp-block-heading\" id=\"henkilotietojen-kasittely\">Henkil\u00f6tietojen k\u00e4sittely<\/h2>\n\n\n\n<p>Kun k\u00e4yt\u00e4t Suomikasinot.fi-sivustoa, saatamme ker\u00e4t\u00e4 sinusta tietoja, kuten nimesi,<br>s\u00e4hk\u00f6postiosoitteesi, IP-osoitteesi ja muita tietoja, joita annat vapaaehtoisesti esimerkiksi<br>yhteydenottolomakkeiden tai palvelujen k\u00e4yt\u00f6n yhteydess\u00e4.<\/p>\n\n\n\n<p>Tietoja ker\u00e4t\u00e4\u00e4n, jotta voimme tarjota sinulle mahdollisimman laadukkaan k\u00e4ytt\u00e4j\u00e4kokemuksen,<br>l\u00e4hett\u00e4\u00e4 ajankohtaisia tarjouksia tai vastata kysymyksiisi.<\/p>\n\n\n\n<p>Tietojesi k\u00e4sittely perustuu joko antamaasi suostumukseen, palvelun toimivuuden takaamiseen tai<br>lainmukaisiin velvoitteisiimme.<\/p>\n\n\n\n<h2 class=\"wp-block-heading\" class=\"wp-block-heading\" id=\"tietojen-jakaminen\">Tietojen jakaminen<\/h2>\n\n\n\n<p>Suomikasinot.fi tekee yhteisty\u00f6t\u00e4 luotettavien palveluntarjoajien kanssa. T\u00e4m\u00e4 tarkoittaa, ett\u00e4<br>tietojasi voidaan k\u00e4sitell\u00e4 my\u00f6s ulkopuolisten tahojen, kuten s\u00e4hk\u00f6postipalvelujen tai<br>analytiikkaty\u00f6kalujen, toimesta.<\/p>\n\n\n\n<p>N\u00e4it\u00e4 tahoja sitovat samat tietosuoja- ja turvallisuusvelvoitteet, ja varmistamme aina, ett\u00e4<br>yhteisty\u00f6kumppanimme toimivat lainmukaisesti.<\/p>\n\n\n\n<p>Jos verkkosivustollamme on esimerkiksi videoita tai muita kolmannen osapuolen upotuksia, n\u00e4m\u00e4<br>tahot voivat ker\u00e4t\u00e4 ev\u00e4steit\u00e4 tai muita tietoja suoraan selaimeltasi. Pyrimme tarjoamaan selke\u00e4t<br>tiedot t\u00e4llaisista tilanteista, jotta voit hallita yksityisyytt\u00e4si parhaalla mahdollisella tavalla.<\/p>\n\n\n\n<h2 class=\"wp-block-heading\" class=\"wp-block-heading\" id=\"evasteiden-kaytto\">Ev\u00e4steiden k\u00e4ytt\u00f6<\/h2>\n\n\n\n<p>K\u00e4yt\u00e4mme ev\u00e4steit\u00e4, jotta voimme tarjota sinulle k\u00e4ytt\u00e4j\u00e4yst\u00e4v\u00e4llisen ja sujuvan<br>verkkosivustokokemuksen. Ev\u00e4steet ovat pieni\u00e4 tiedostoja, jotka tallennetaan laitteellesi, ja niiden<br>avulla voimme esimerkiksi tunnistaa selaimesi, tallentaa asetuksiasi ja analysoida sivustomme<br>liikennett\u00e4.<\/p>\n\n\n\n<p>Jos haluat rajoittaa tai poistaa ev\u00e4steiden k\u00e4ytt\u00f6\u00e4, voit tehd\u00e4 sen selaimesi asetuksista.<br>Huomioithan, ett\u00e4 ev\u00e4steiden k\u00e4yt\u00f6n est\u00e4minen voi vaikuttaa joidenkin sivuston osien toimintaan.<\/p>\n\n\n\n<h2 class=\"wp-block-heading\" class=\"wp-block-heading\" id=\"kuinka-kauan-sailytamme-tietoja\">Kuinka kauan s\u00e4ilyt\u00e4mme tietoja?<\/h2>\n\n\n\n<p>Henkil\u00f6tietojasi s\u00e4ilytet\u00e4\u00e4n vain niin kauan kuin on tarpeellista niiden tarkoitusten toteuttamiseksi,<br>joihin tiedot on alun perin ker\u00e4tty. T\u00e4m\u00e4n j\u00e4lkeen tiedot poistetaan turvallisesti tai muutetaan<br>anonyymeiksi. Lains\u00e4\u00e4d\u00e4nt\u00f6 voi kuitenkin velvoittaa meit\u00e4 s\u00e4ilytt\u00e4m\u00e4\u00e4n tietoja tietyiss\u00e4 tilanteissa<br>pidemm\u00e4n ajan.<\/p>\n\n\n\n<h2 class=\"wp-block-heading\" class=\"wp-block-heading\" id=\"oikeutesi\">Oikeutesi<\/h2>\n\n\n\n<p>Sinulla on oikeus tarkastaa, mit\u00e4 tietoja sinusta on tallennettu, pyyt\u00e4\u00e4 virheellisten tietojen<br>korjaamista tai pyyt\u00e4\u00e4 tietojesi poistamista. Voit my\u00f6s vastustaa henkil\u00f6tietojesi k\u00e4ytt\u00f6\u00e4<br>suoramarkkinointitarkoituksiin tai pyyt\u00e4\u00e4 tietojesi siirt\u00e4mist\u00e4 toiselle palveluntarjoajalle.<\/p>\n\n\n\n<p>Mik\u00e4li haluat k\u00e4ytt\u00e4\u00e4 n\u00e4it\u00e4 oikeuksia tai sinulla on kysymyksi\u00e4 tietojesi k\u00e4sittelyst\u00e4, voit olla meihin<br>yhteydess\u00e4 s\u00e4hk\u00f6postitse osoitteeseen info@suomikasinot.fi.<\/p>\n\n\n\n<h2 class=\"wp-block-heading\" class=\"wp-block-heading\" id=\"yhteenveto\">Yhteenveto<\/h2>\n\n\n\n<p>Suomikasinot.fi on sitoutunut k\u00e4sittelem\u00e4\u00e4n tietojasi vastuullisesti ja avoimesti. Pid\u00e4t\u00e4mme<br>oikeuden p\u00e4ivitt\u00e4\u00e4 t\u00e4t\u00e4 tietosuojaselostetta tarpeen mukaan, joten suosittelemme tutustumaan<br>siihen s\u00e4\u00e4nn\u00f6llisesti.<\/p>\n\n\n\n<p>Kiitos, ett\u00e4 k\u00e4yt\u00e4t Suomikasinot.fi-sivustoa luotettavana l\u00e4hteen\u00e4 nettikasinoihin liittyv\u00e4ss\u00e4<br>tiedonhaussa!<\/p>\n","protected":false},"excerpt":{"rendered":"<p>Suomikasinot.fi kunnioittaa yksityisyytt\u00e4si ja sitoutuu k\u00e4sittelem\u00e4\u00e4n henkil\u00f6tietojasi vastuullisesti,turvallisesti ja tietosuojalains\u00e4\u00e4d\u00e4nn\u00f6n mukaisesti. T\u00e4ll\u00e4 tietosuojaselosteella haluamme kertoa,miten k\u00e4sittelemme tietojasi, miksi niit\u00e4 ker\u00e4t\u00e4\u00e4n ja mit\u00e4 oikeuksia sinulla on&#8230;<\/p>\n","protected":false},"author":8,"featured_media":468,"parent":0,"menu_order":0,"comment_status":"closed","ping_status":"closed","template":"template-fullwidth.php","meta":{"_acf_changed":false,"footnotes":""},"class_list":["post-406","page","type-page","status-publish","has-post-thumbnail","hentry"],"acf":[],"_links":{"self":[{"href":"https:\/\/suomikasinot.fi\/fi-fi\/wp-json\/wp\/v2\/pages\/406","targetHints":{"allow":["GET"]}}],"collection":[{"href":"https:\/\/suomikasinot.fi\/fi-fi\/wp-json\/wp\/v2\/pages"}],"about":[{"href":"https:\/\/suomikasinot.fi\/fi-fi\/wp-json\/wp\/v2\/types\/page"}],"author":[{"embeddable":true,"href":"https:\/\/suomikasinot.fi\/fi-fi\/wp-json\/wp\/v2\/users\/8"}],"replies":[{"embeddable":true,"href":"https:\/\/suomikasinot.fi\/fi-fi\/wp-json\/wp\/v2\/comments?post=406"}],"version-history":[{"count":1,"href":"https:\/\/suomikasinot.fi\/fi-fi\/wp-json\/wp\/v2\/pages\/406\/revisions"}],"predecessor-version":[{"id":407,"href":"https:\/\/suomikasinot.fi\/fi-fi\/wp-json\/wp\/v2\/pages\/406\/revisions\/407"}],"wp:featuredmedia":[{"embeddable":true,"href":"https:\/\/suomikasinot.fi\/fi-fi\/wp-json\/wp\/v2\/media\/468"}],"wp:attachment":[{"href":"https:\/\/suomikasinot.fi\/fi-fi\/wp-json\/wp\/v2\/media?parent=406"}],"curies":[{"name":"wp","href":"https:\/\/api.w.org\/{rel}","templated":true}]}}