{"id":1399,"date":"2026-01-15T01:36:06","date_gmt":"2026-01-14T23:36:06","guid":{"rendered":"https:\/\/suomikasinot.fi\/fi-fi\/?page_id=1399"},"modified":"2026-04-16T12:51:55","modified_gmt":"2026-04-16T09:51:55","slug":"pay-n-play","status":"publish","type":"page","link":"https:\/\/suomikasinot.fi\/fi-fi\/pay-n-play\/","title":{"rendered":"Pay N Play kasinot \u2013 Kaikki PNP-sivustot 2026"},"content":{"rendered":"\n<p>Pay N Play kasinot k\u00e4ytt\u00e4v\u00e4t teknologiaa, jonka avulla pelaaja tunnistetaan vahvasti rahansiirron yhteydess\u00e4. Pelaa rekister\u00f6intivapaasti ja kotiuta voitot 5 minuutissa automatisoidun tunnistusprosessin ansiosta.<\/p>\n\n\n\n<p>Suomikasinot.fin asiantuntijat suosittelevat EU-lisensoituja nettikasinoita. Talleta ja pelaa pankkitunnuksilla ja nosta voitot parissa minuutissa ilman veroseuraamuksia.<\/p>\n\n\n\n<p><strong>Pay N Play lyhyesti:<\/strong><\/p>\n\n\n\n<ul class=\"wp-block-list\">\n<li>Trustly AB:n kehitt\u00e4m\u00e4 innovaatio vuodelta 2016<\/li>\n\n\n\n<li>Perustuu pelaajan vahvaan tunnistamiseen talletuksen yhteydess\u00e4<\/li>\n\n\n\n<li>Mahdollistaa pikatalletukset ja nopeat nostot<\/li>\n<\/ul>\n\n\n\n<p>Katso my\u00f6s <a href=\"https:\/\/suomikasinot.fi\/pikakasinot\">parhaat pikakasinot<\/a> -listauksemme l\u00f6yt\u00e4\u00e4ksesi lis\u00e4\u00e4 vaihtoehtoja.<\/p>\n\n\n\n<h2 class=\"wp-block-heading\" class=\"wp-block-heading\" id=\"mita-pay-n-play-tarkoittaa\"><a><\/a><strong>Mit\u00e4 Pay N Play tarkoittaa?<\/strong><\/h2>\n\n\n\n<p>Pay N Play eli \u201ctalleta ja pelaa\u201d tarkoittaa maksun sek\u00e4 tunnistautumisen yhdist\u00e4mist\u00e4. Kun teet talletuksen verkkopankkitunnuksilla, tunnistaudut samalla automatisoidusti.<\/p>\n\n\n\n<p>Automatisoitu tunnistaminen toimii alustavana KYC-prosessina. Pay N Playn avulla kasino saa tietoonsa mm. pelaajan nimen, i\u00e4n ja pankkitiedot. Pelitilin avaaminen onnistuu siis vain yhden vaiheen kautta. Perinteisell\u00e4 kasinolla vaaditaan useita vaiheita.<\/p>\n\n\n\n<p><a href=\"https:\/\/www.trustly.com\/fi\" target=\"_blank\" rel=\"noopener\">Trustly Group AB<\/a> lanseerasi Pay N Play -teknologian vuonna 2016. Vuodesta 2019 eteenp\u00e4in muutkin maksupalveluyritykset ovat tarjonneet vastaavan teknologian Pay N Play kasinoilla, Zimpler AB ja Brite AB suurimpina kilpailijoina.<\/p>\n\n\n\n<h2 class=\"wp-block-heading\" class=\"wp-block-heading\" id=\"pay-n-play-maksupalvelut-vertailussa\"><a><\/a><strong>Pay N Play -maksupalvelut vertailussa<\/strong><\/h2>\n\n\n\n<p>PNP kasinot suosivat Trustlya ja muita ruotsalaisia maksupalveluita, mutta vuonna 2026 l\u00f6ytyy my\u00f6s suomalaisia vaihtoehtoja. Jokaisessa on sama yhten\u00e4inen piirre: pelaajan vahva s\u00e4hk\u00f6inen tunnistaminen maksun yhteydess\u00e4.<\/p>\n\n\n\n<p><strong>T\u00e4ll\u00e4 hetkell\u00e4 pnp-maksutavat ovat:<\/strong><\/p>\n\n\n\n<ul class=\"wp-block-list\">\n<li><strong>Trustly <\/strong>\u2192 aito ja alkuper\u00e4inen<\/li>\n\n\n\n<li><strong>Brite <\/strong>\u2192 luokkansa nopein<\/li>\n\n\n\n<li><strong>Zimpler<\/strong> \u2192 haastajien ykk\u00f6snimi<\/li>\n\n\n\n<li><strong>Euteller<\/strong>\u2192 kotimaista laatuty\u00f6t\u00e4<\/li>\n\n\n\n<li><strong>Viljo <\/strong>\u2192 uusi suomalainen haastaja<\/li>\n\n\n\n<li><strong>Trumo<\/strong> \u2192 suomen kirkkain k\u00e4rki<\/li>\n<\/ul>\n\n\n\n<p><a href=\"https:\/\/www.finanssivalvonta.fi\/\" target=\"_blank\" rel=\"noopener\">Finanssivalvonta (FIN-FSA)<\/a> lisensoi ja valvoo suomalaisia maksupalveluita. Ruotsalaiset palvelut ovat vastaavan instanssin valvomia (Finansinspektionen).<\/p>\n\n\n\n<p>Kotimaiset maksupalvelut tukevat maksuja yhdeks\u00e4st\u00e4 Suomi-pankista. Muilla palveluilla voi tallettaa Suomi-pankkien lis\u00e4ksi Revolut-pankista. Eniten tuettuja pankkeja on Trustlylla, yhteens\u00e4 yli 12 500 kappaletta.<\/p>\n\n\n\n<h3 class=\"wp-block-heading\"><a><\/a><strong>Trustly<\/strong><\/h3>\n\n\n\n<p>Trustly on aito ja alkuper\u00e4inen pnp-maksutapa. Valta-asema ei ole yht\u00e4 vahva kuin ennen, mutta uudet Pay N Play kasinot valitsevat edelleenkin usein Trustlyn. Hyvin\u00e4 esimerkkein\u00e4 ovat Tuuri Kasino ja Winz.io Casino.<\/p>\n\n\n\n<p>Trustly Pay N Play kasinoiden paras puoli on pomminvarma toimintavarmuus. Lis\u00e4ksi muita palveluita suurempi pankkilistaus tekee Trustlysta varman valinnan.<\/p>\n\n\n\n<p>\u00bb Katso Trustly kasinot t\u00e4\u00e4lt\u00e4.<\/p>\n\n\n\n<h3 class=\"wp-block-heading\"><a><\/a><strong>Brite<\/strong><\/h3>\n\n\n\n<p>Brite on luokkansa nopein maksupalvelu. Vaikka kaikki pnp-maksutavat ovat nopeita, Brite korostaa nopeutta virtaviivaisella teknologiallaan. Talletuksen yhteydess\u00e4 ei tarvitse vahvistaa puhelinnumeroa tai t\u00e4ytt\u00e4\u00e4 KYC-tietoja.<\/p>\n\n\n\n<p>Uusia Brite Pay N Play kasinoita julkaistaan tihe\u00e4\u00e4n tahtiin. Asiantuntijamme suosittelevat Rullat Casinoa ja Big Lucky Casinoa, jotka ovat suosittuja uutuuksia.<\/p>\n\n\n\n<p>\u00bb Katso Brite kasinot t\u00e4\u00e4lt\u00e4.<\/p>\n\n\n\n<h3 class=\"wp-block-heading\"><a><\/a><strong>Zimpler<\/strong><\/h3>\n\n\n\n<p>Zimpler on Trustlyn ja Briten ykk\u00f6shaastaja. Zimpler on oikeastaan jo l\u00e4hell\u00e4 k\u00e4rkipaikkaa, kasinoiden m\u00e4\u00e4r\u00e4ss\u00e4 se on jo k\u00e4rjess\u00e4. Zimpler kasinot eiv\u00e4t kuitenkaan ole aina Pay N Play kasinoita \u2013 p\u00e4\u00e4paino on hybridikasinoissa.<\/p>\n\n\n\n<p>PelaaNyt ja Pelipeto ovat suosituimmat uudet Zimpler kasinot. Molemmat tukevat talleta ja pelaa -tyyli\u00e4, tarjoten lis\u00e4etuja kierr\u00e4tysvapaiden ilmaiskierrosten muodossa.<\/p>\n\n\n\n<p>\u00bb Katso Zimpler kasinot t\u00e4\u00e4lt\u00e4.<\/p>\n\n\n\n<h3 class=\"wp-block-heading\"><a><\/a><strong>Euteller<\/strong><\/h3>\n\n\n\n<p>Euteller on suomalainen maksupalvelu, joka on vanhempi kuin Trustly. Eutelleri\u00e4 k\u00e4ytettiin kasinoilla jo 2010-luvun taitteessa, mutta Pay N Play kehitettiin vuonna 2021 (Euteller Express).<\/p>\n\n\n\n<p>Euteller kasinoita Pay N Playlla on todella v\u00e4h\u00e4n. Emme pid\u00e4 Eutelleri\u00e4 Trustlyn haastajana, vaikka kyseess\u00e4 on turvallinen kotimainen maksupalvelu. Se ei kuitenkaan panosta pikakasinoihin, vaan perinteisiin suomalaisiin nettikasinoihin.<\/p>\n\n\n\n<p>\u00bb Katso Euteller kasinot t\u00e4\u00e4lt\u00e4.<\/p>\n\n\n\n<h3 class=\"wp-block-heading\"><a><\/a><strong>Viljo<\/strong><\/h3>\n\n\n\n<p>Viljo on uusi suomalainen haastaja, jonka taustalla on vankkaa kasinoalan osaamista. Viljo kasinoita on t\u00e4ll\u00e4 hetkell\u00e4 muutamia. Uusia kasinoita julkaistaan verkkaisesti, mutta laatu on aina priimaa \u2013 parhaina esimerkkein\u00e4 Mainio Casino ja Pelikioski Casino.<\/p>\n\n\n\n<p>Viljo Pay N Play kasinot p\u00e4\u00e4tyv\u00e4t aina asiantuntijoidemme testiin. Tarkista v\u00e4hint\u00e4\u00e4nkin uudet kasinot meid\u00e4n viikoittain p\u00e4ivittyv\u00e4lt\u00e4 listalta.<\/p>\n\n\n\n<p>\u00bb Katso Viljo kasinot t\u00e4\u00e4lt\u00e4.<\/p>\n\n\n\n<h3 class=\"wp-block-heading\"><a><\/a><strong>Trumo<\/strong><\/h3>\n\n\n\n<p>Trumo kruunaa Pay N Play -maksupalveluiden listauksen, ollen suomalaisten palveluiden kirkkain t\u00e4hti vuonna 2026. Trumo-kasinoita julkaistaan aktiivisesti \u2013 suosituin uutuus on Flamez, joka on suomalaisille suunnattu Pay N Play kasino.<\/p>\n\n\n\n<p>Suomikasinot.fin tiimi odottaa Trumolta valoisaa tulevaisuutta. Listaamme kaikki uudet Trumo Pay N Play kasinot, kunhan asiantuntijamme on ensin varmistunut kasinon laadusta.<\/p>\n\n\n\n<p>\u00bb Katso Trumo kasinot t\u00e4\u00e4lt\u00e4.<\/p>\n\n\n\n<h2 class=\"wp-block-heading\" class=\"wp-block-heading\" id=\"hybridimalli-vs-puhdas-pay-n-play\"><a><\/a><strong>Hybridimalli vs. Puhdas Pay N Play<\/strong><\/h2>\n\n\n\n<p>Puhdas Pay N Play kasino tarjoaa vain pankkitunnistautumisen. Hybridikasino tarjoaa sek\u00e4 pankkitunnistautumisen ett\u00e4 korttimaksut ja nettilompakot. EU:n ulkopuolisilla sivustoilla on kryptotalletustenkin mahdollisuus.<\/p>\n\n\n\n<p>Esimerkiksi Siirto kasinot ovat usein hybridimallin sivustoja. Avaa pelitili Pay N Playlla (talletus tai ilman) ja valitse sen j\u00e4lkeen Siirto-maksutapa.<\/p>\n\n\n\n<p>Vuosien kokemuksemme kautta olemme huomanneet, ett\u00e4 Zimpler tukee kaikkein eniten hybridipelaamista. Silloin rekister\u00f6inti hoidetaan ensin, mutta sen j\u00e4lkeen talletus onnistuu verkkopankista, mobiilissa, e-lompakoilla ja kryptoilla.<\/p>\n\n\n\n<p><strong>Pay N Play kasinot vs. hybridimallin kasinot:<\/strong><\/p>\n\n\n\n<figure class=\"wp-block-table\"><table><tbody><tr><td class=\"has-text-align-center\" data-align=\"center\"><strong>Pay N Play kasino<\/strong><\/td><td class=\"has-text-align-center\" data-align=\"center\"><strong>Hybridikasino<\/strong><\/td><\/tr><tr><td class=\"has-text-align-center\" data-align=\"center\">Rekister\u00f6ityminen on automatisoitu, ei erillist\u00e4 lomakkeen t\u00e4ytt\u00e4mist\u00e4.<\/td><td class=\"has-text-align-center\" data-align=\"center\">Rekister\u00f6intilomake voidaan vaatia ennen verkkopankkimaksua (kasinokohtainen).<\/td><\/tr><tr><td class=\"has-text-align-center\" data-align=\"center\">Vain yksi maksutapa, kuten Trustly.<\/td><td class=\"has-text-align-center\" data-align=\"center\">Useita maksutapoja Trustlyn ohella, kuten Skrill, Paysafecard, Siirto ja Siru Mobile.<\/td><\/tr><tr><td class=\"has-text-align-center\" data-align=\"center\">Tallettaminen ilman vahvaa s\u00e4hk\u00f6ist\u00e4 tunnistautumista ei ole mahdollista.<\/td><td class=\"has-text-align-center\" data-align=\"center\">Mahdollistaa tallettamisen anonyymisti tiettyyn pisteeseen asti.<\/td><\/tr><tr><td class=\"has-text-align-center\" data-align=\"center\">Ei mahdollisuutta kryptotalletuksiin.<\/td><td class=\"has-text-align-center\" data-align=\"center\">Curacaon ja Anjouanin kasinoilla kryptot ovat usein saatavilla.<\/td><\/tr><tr><td class=\"has-text-align-center\" data-align=\"center\">Aina nopeat kotiutukset 5\u201315 minuutissa.<\/td><td class=\"has-text-align-center\" data-align=\"center\">Nopeat kotiutukset tietyill\u00e4 maksutavoilla ja KYC:n suorittamisen j\u00e4lkeen.<\/td><\/tr><tr><td class=\"has-text-align-center\" data-align=\"center\">Pay N Play kasino sopii parhaiten helpon ja nopean pelaamisen yst\u00e4ville.<\/td><td class=\"has-text-align-center\" data-align=\"center\">Hybridikasino sopii parhaiten niille, jotka suosivat e-lompakoita ja mobiilimaksuja.<\/td><\/tr><\/tbody><\/table><\/figure>\n\n\n\n<p>Suomikasinot.fist\u00e4 l\u00f6yd\u00e4t my\u00f6s <a href=\"https:\/\/suomikasinot.fi\/fi-fi\/kasinot-ilman-rekisteroitymista\/\">kasinot ilman rekister\u00f6itymist\u00e4<\/a>, jotka tarjoavat useita vaihtoehtoja talletuksiin. NetBet on hyv\u00e4 esimerkki t\u00e4llaisesta pelisivustosta.<\/p>\n\n\n\n<h2 class=\"wp-block-heading\" class=\"wp-block-heading\" id=\"\"><a><\/a><strong>&nbsp;<\/strong><\/h2>\n\n\n\n<h2 class=\"wp-block-heading\" class=\"wp-block-heading\" id=\"pay-n-play-kasinot-usein-kysytyt-kysymykset-faq\"><a><\/a><strong>Pay N Play kasinot \u2013 Usein kysytyt kysymykset (FAQ)<\/strong><\/h2>\n\n\n<div id=\"rank-math-faq\" class=\"rank-math-block\">\n<div class=\"rank-math-list \">\n<div id=\"faq-question-1768433691530\" class=\"rank-math-list-item\">\n<h3 class=\"rank-math-question \"><strong>Kuka keksi Pay N Play -teknologian?<\/strong><\/h3>\n<div class=\"rank-math-answer \">\n\n<p>Trustly AB kehitti ja lanseerasi Pay N Play -teknologian vuonna 2016.<\/p>\n\n<\/div>\n<\/div>\n<div id=\"faq-question-1768433699262\" class=\"rank-math-list-item\">\n<h3 class=\"rank-math-question \"><strong>Toimiiko Pay N Play kaikilla pankeilla?<\/strong><\/h3>\n<div class=\"rank-math-answer \">\n\n<p>Pay N Play toimii yhdeks\u00e4n Suomi-pankin kautta: Osuuspankki, Nordea, Danske Bank, POP Pankki, S\u00e4\u00e4st\u00f6pankki, Oma S\u00e4\u00e4st\u00f6pankki, \u00c5landsbanken, S-Pankki ja Aktia.<\/p>\n\n<\/div>\n<\/div>\n<div id=\"faq-question-1768433707310\" class=\"rank-math-list-item\">\n<h3 class=\"rank-math-question \"><strong>Onko Pay N Play turvallinen?<\/strong><\/h3>\n<div class=\"rank-math-answer \">\n\n<p>Pay N Play on turvallinen, sill\u00e4 pelaaja tunnistautuu luottamusverkostossa. Valtion palvelut (esim. Kela.fi) k\u00e4ytt\u00e4v\u00e4t samaa suojausta.<\/p>\n\n<\/div>\n<\/div>\n<\/div>\n<\/div>","protected":false},"excerpt":{"rendered":"<p>Pay N Play kasinot k\u00e4ytt\u00e4v\u00e4t teknologiaa, jonka avulla pelaaja tunnistetaan vahvasti rahansiirron yhteydess\u00e4. Pelaa rekister\u00f6intivapaasti ja kotiuta voitot 5 minuutissa automatisoidun tunnistusprosessin ansiosta. Suomikasinot.fin asiantuntijat&#8230;<\/p>\n","protected":false},"author":8,"featured_media":1403,"parent":0,"menu_order":0,"comment_status":"closed","ping_status":"closed","template":"","meta":{"_acf_changed":false,"footnotes":""},"class_list":["post-1399","page","type-page","status-publish","has-post-thumbnail","hentry"],"acf":[],"_links":{"self":[{"href":"https:\/\/suomikasinot.fi\/fi-fi\/wp-json\/wp\/v2\/pages\/1399","targetHints":{"allow":["GET"]}}],"collection":[{"href":"https:\/\/suomikasinot.fi\/fi-fi\/wp-json\/wp\/v2\/pages"}],"about":[{"href":"https:\/\/suomikasinot.fi\/fi-fi\/wp-json\/wp\/v2\/types\/page"}],"author":[{"embeddable":true,"href":"https:\/\/suomikasinot.fi\/fi-fi\/wp-json\/wp\/v2\/users\/8"}],"replies":[{"embeddable":true,"href":"https:\/\/suomikasinot.fi\/fi-fi\/wp-json\/wp\/v2\/comments?post=1399"}],"version-history":[{"count":1,"href":"https:\/\/suomikasinot.fi\/fi-fi\/wp-json\/wp\/v2\/pages\/1399\/revisions"}],"predecessor-version":[{"id":1400,"href":"https:\/\/suomikasinot.fi\/fi-fi\/wp-json\/wp\/v2\/pages\/1399\/revisions\/1400"}],"wp:featuredmedia":[{"embeddable":true,"href":"https:\/\/suomikasinot.fi\/fi-fi\/wp-json\/wp\/v2\/media\/1403"}],"wp:attachment":[{"href":"https:\/\/suomikasinot.fi\/fi-fi\/wp-json\/wp\/v2\/media?parent=1399"}],"curies":[{"name":"wp","href":"https:\/\/api.w.org\/{rel}","templated":true}]}}