{"id":1286,"date":"2025-09-15T19:10:01","date_gmt":"2025-09-15T16:10:01","guid":{"rendered":"https:\/\/suomikasinot.fi\/?page_id=1286"},"modified":"2025-09-15T19:11:54","modified_gmt":"2025-09-15T16:11:54","slug":"vastuullinen-pelaaminen-pelirajat","status":"publish","type":"page","link":"https:\/\/suomikasinot.fi\/fi-fi\/vastuullinen-pelaaminen-pelirajat\/","title":{"rendered":"Pelirajat"},"content":{"rendered":"\n<p>Pelirajat ovat yksi t\u00e4rkeimmist\u00e4 nettikasinoiden tarjoamista vastuullisen pelaamisen ty\u00f6kaluista. Pelirajat tarjoavat sinulle mahdollisuuden pelata vastuullisesti niin, ettei pelaamisesta aiheudu sinulle haittaa eik\u00e4 se muodostu ongelmaksi. Pelirajojen avulla voit helposti hallita ja tarkkailla omaa pelaamistasi.&nbsp;<\/p>\n\n\n\n<p>Pelirajat on mahdollista asettaa rajoittamaan pelaamiseen k\u00e4ytt\u00e4m\u00e4\u00e4si aikaa ja rahaa. Pelirajat ovat yleisin vastuullisen pelaamisen ty\u00f6kaluista ja niiden asettaminen tapahtuu useimmilla nettikasinoilla helposti omalta pelitililt\u00e4. Voit asettaa itsellesi esimerkiksi talletusrajan, tappiorajan tai istuntorajan. Lis\u00e4ksi voit asettaa asettaa aikamuistutuksen pelaamiseen k\u00e4ytt\u00e4m\u00e4st\u00e4si ajasta tai tehd\u00e4 itsearviointitestin mik\u00e4li oma pelik\u00e4ytt\u00e4ytyminen mietitytt\u00e4\u00e4. Pelirajojen avulla voit helposti varmistaa, ett\u00e4 pelaaminen pysyy hallinnassa niin rahan, kuin siihen k\u00e4ytetyn ajankin suhteen.<\/p>\n\n\n\n<p>T\u00e4n\u00e4 p\u00e4iv\u00e4n\u00e4 kaikki vastuullisesti toimivat ja luotettavat nettikasinot tarjoavat pelaajilleen erilaisia vastuullisen pelaamisen ty\u00f6kaluja. Etenkin eurooppalaiset peliviranomaiset vaativat jo lisenssiehdoissa vastuullisen pelaamisen ty\u00f6kalujen tarjoamista kasinoilla. Seuraavaksi kerromme tarkemmin n\u00e4ist\u00e4 kasinoiden tarjoamista ty\u00f6kaluista, yleisimmist\u00e4 pelirajoista nettikasinoilla ja kerromme my\u00f6s kasinoiden vastuullisen pelaamisen toimista ja k\u00e4yt\u00e4nn\u00f6ist\u00e4.<\/p>\n\n\n\n<h2 class=\"wp-block-heading\" class=\"wp-block-heading\" id=\"yleisimmat-pelirajat-nettikasinoilla\"><a><\/a>Yleisimm\u00e4t pelirajat nettikasinoilla<\/h2>\n\n\n\n<p>Yleisimm\u00e4t pelirajat nettikasinoilla tarjoavat sinulle helpon tavan rajoittaa muun muassa kasinolla k\u00e4ytt\u00e4m\u00e4\u00e4si peliaikaa tai tekemi\u00e4si talletuksia. Useimmilla nettikasinoilla voit asettaa my\u00f6s erilaisia tappio- ja panosrajoituksia tai voit sulkea pelitilin m\u00e4\u00e4r\u00e4ajaksi tai kokonaan. Yleisimpi\u00e4 pelirajoja nettikasinoilla ovat muun muassa seuraavat:<\/p>\n\n\n\n<h3 class=\"wp-block-heading\"><a><\/a>Talletusraja<\/h3>\n\n\n\n<p>Talletusraja rajoittaa, kuinka paljon voit maksimissaan tallettaa kasinolle. Voit asettaa itsellesi p\u00e4ivitt\u00e4isen, viikoittaisen tai kuukausittaisen talletusrajan. Talletusrajan avulla voit varmistua, ett\u00e4 pysyt budjetissa, etk\u00e4 pelaa yli varojen. Talletusraja on helppo tapa hallita pelaamiseen k\u00e4ytt\u00e4mi\u00e4si varoja ja ehk\u00e4isee n\u00e4in my\u00f6s ongelmapelaamista.&nbsp;<\/p>\n\n\n\n<h3 class=\"wp-block-heading\"><a><\/a>Tappioraja<\/h3>\n\n\n\n<p>Tappioraja rajoittaa, kuinka paljon voit maksimissaan h\u00e4vit\u00e4 kasinon peleiss\u00e4. Tappioraja on hyv\u00e4 asettaa etenkin silloin, jos tuntuu ett\u00e4 h\u00e4vi\u00e4t kasinolle toistuvasti liikaa. Voit asettaa tappiorajan tietylle aikav\u00e4lille ja pienent\u00e4\u00e4 n\u00e4in riski\u00e4 joutua tappiokierteeseen ja liiallisiin rahanmenetyksiin.<\/p>\n\n\n\n<h3 class=\"wp-block-heading\"><a><\/a>Aikamuistutus ja todellisuustarkistus<\/h3>\n\n\n\n<p>Aikamuistutus tai todellisuustarkistus (Reality check) ovat ty\u00f6kaluja, jotka muistuttavat sinua pelaamiseen k\u00e4ytetyst\u00e4 ajasta. K\u00e4yt\u00e4nn\u00f6ss\u00e4 aikamuistutus ja todellisuustarkistus&nbsp; toimii siten, ett\u00e4 voit itse asettaa muistutuksen esimerkiksi 30, 60 tai 90 minuutin ajalle. Pelaamisen aikana ponnahdusikkuna muistuttaa sinua pelaamiseen k\u00e4ytt\u00e4m\u00e4st\u00e4si ajasta. N\u00e4in voit huomioida paremmin pelaamiseen k\u00e4ytt\u00e4m\u00e4\u00e4si aikaa.<\/p>\n\n\n\n<h3 class=\"wp-block-heading\"><a><\/a>Istuntoraja<\/h3>\n\n\n\n<p>Istuntoraja tarjoaa sinulle mahdollisuuden rajoittaa tehokkaasti pelaamiseen k\u00e4ytt\u00e4m\u00e4\u00e4si aikaa. Istuntorajan avulla voit rajoittaa kasinolla k\u00e4ytt\u00e4m\u00e4\u00e4si peliaikaa niin, ett\u00e4 asettamasi aikarajan p\u00e4\u00e4ttyess\u00e4 pelaaminen estet\u00e4\u00e4n.<\/p>\n\n\n\n<h3 class=\"wp-block-heading\"><a><\/a>Pelitauko<\/h3>\n\n\n\n<p>Pelitauko on vastuullisen pelaamisen ty\u00f6kalu, jonka avulla voit asettaa pelitilin tauolle&nbsp; m\u00e4\u00e4rittellyksi ajaksi. Useimmilla nettikasinoilla voit asettaa pelitauon kestoksi tietyn ajanjakson joko muutamasta p\u00e4iv\u00e4st\u00e4 jopa useisiin kuukausiin. T\u00e4ll\u00f6in pelitilille ei ole mahdollista kirjautua, ennen kuin m\u00e4\u00e4rittelem\u00e4si aika on kulunut.<\/p>\n\n\n\n<h3 class=\"wp-block-heading\"><a><\/a>Pelikielto tai pelitilin sulku<\/h3>\n\n\n\n<p>Pelikielto tai pelitilin sulku on ty\u00f6kalu, jolla voit kasinosta riippuen est\u00e4\u00e4 p\u00e4\u00e4syn kasinolle joko m\u00e4\u00e4r\u00e4aikaisesti, pysyv\u00e4sti tai sulkea pelitilin kokonaan. Kaikki eurooppalaiset pelilisenssit vaativat kasinoiltaan t\u00e4t\u00e4 mahdollisuutta. Mik\u00e4li ty\u00f6kalu ei ole saatavilla pelitilill\u00e4si, voit ottaa yhteytt\u00e4 kasinon asiakaspalveluun joka hoitaa pelikiellon asettamisen tai sulkee pelitilin pysyv\u00e4sti.<\/p>\n\n\n\n<h3 class=\"wp-block-heading\"><a><\/a>Itsearviointitestit<\/h3>\n\n\n\n<p>Itsearviointitestit auttavat sinua hahmottamaan kuinka paljon aikaa ja rahaa olet k\u00e4ytt\u00e4nyt pelaamiseen. Itsearviointitestien avulla voit testata mik\u00e4li sinulle on mahdollisesti kehittynyt peliongelma, johon tulee hakea apua. Kasinon omien sivujen lis\u00e4ksi voit l\u00f6yt\u00e4\u00e4 itsearviointitestej\u00e4 monilta eri sivustoilta, kuten esimerkiksi Peliklinikka- tai Peluuri-sivustoilta.<\/p>\n\n\n\n<h2 class=\"wp-block-heading\" class=\"wp-block-heading\" id=\"muut-vastuullisen-pelaamisen-toimet-ja-kaytannot-nettikasinoilla\"><a><\/a>Muut vastuullisen pelaamisen toimet ja k\u00e4yt\u00e4nn\u00f6t nettikasinoilla<\/h2>\n\n\n\n<p>Muut vastuullisen pelaamisen toimet ja k\u00e4yt\u00e4nn\u00f6t nettikasinoilla k\u00e4sitt\u00e4v\u00e4t muun muassa tiedon ja koulutuksen tarjoamisen. Luotettavat nettikasinot tarjoavat monipuolisesti tietoa vastuullisesta pelaamisesta, peliriippuvuudesta ja peliongelmista sek\u00e4 niiden tunnistamisesta ja hoidosta. Lis\u00e4ksi luotettavien kasinoiden kampanja- ja bonusehdot on esitetty selke\u00e4sti ja ymm\u00e4rrett\u00e4v\u00e4sti, jolloin voit paremmin suunnitella&nbsp; ja hallita omaa pelaamistasi.<\/p>\n\n\n\n<p>Kasinoiden asiakaspalvelijat on koulutettu tunnistamaan peliriippuvuuden merkkej\u00e4, jolloin asiakaspalvelijat voivat tarjota sinulle apua, suositella oikeanlaisia ty\u00f6kaluja tai ohjata tarvittaessa oikeanlaisen avun piiriin. N\u00e4in toimimalla nettikasinot voivat tarjota turvallisen ja vastuullisen peliymp\u00e4rist\u00f6n.<\/p>\n\n\n\n<p>Yksi t\u00e4rke\u00e4 periaate on my\u00f6s nettikasinoilta vaadittu KYC-prosessi, jonka avulla kasino varmistaa pelaajien t\u00e4ysi-ik\u00e4isyyden ja henkil\u00f6llisyyden.<\/p>\n\n\n\n<h3 class=\"wp-block-heading\"><a><\/a>KYC-prosessi<\/h3>\n\n\n\n<p>KYC (Know Your Customer) -prosessi on eritt\u00e4in t\u00e4rke\u00e4ss\u00e4 roolissa nettikasinoilla. Pankkien tavoin my\u00f6s nettikasinot ovat vastuussa siit\u00e4, ett\u00e4 he tunnistavat pelaajansa ja tiet\u00e4v\u00e4t, mist\u00e4 pelaajan pelaamiseen k\u00e4ytetyt varat ovat l\u00e4ht\u00f6isin. KYC-prosessin avulla kasinot ehk\u00e4isev\u00e4t my\u00f6s alaik\u00e4isten ja itsens\u00e4 poissulkeneiden pelaajien pelaamista. Pikakasinoilla KYC-prosessi tapahtuu automaattisesti verkkopankkitunnuksilla tehdyn talletuksen yhteydess\u00e4. Perinteisill\u00e4 kasinoilla se on osittain automatisoitua, mutta voit joutua l\u00e4hett\u00e4m\u00e4\u00e4n kasinolle my\u00f6s vaadittuja dokumentteja, kuten esimerkiksi kuvan henkil\u00f6todistuksesta.&nbsp;&nbsp;<\/p>\n\n\n\n<h3 class=\"wp-block-heading\"><a><\/a>Pelihistoria<\/h3>\n\n\n\n<p>Pelihistoria on useimpien nettikasinoiden tarjoama palvelu, josta voit seurata realistisesti omaa pelihistoriaa. Pelihistoriaa tarkastelemalla n\u00e4et miten paljon aikaa ja rahaa olet k\u00e4ytt\u00e4nyt kasinolla pelaamiseen. Oman pelihistorian seuraaminen on t\u00e4rke\u00e4 osa vastuullista pelaamista.&nbsp;&nbsp;<\/p>\n\n\n\n<h3 class=\"wp-block-heading\"><a><\/a>Avun tarjoaminen<\/h3>\n\n\n\n<p>Avun tarjoaminen on osa vastuullisen kasinon toimintaa. Luotettavien nettikasinoiden sivuilta l\u00f6yd\u00e4t linkkej\u00e4 ja yhteystietoja erilaisiin apua tarjoaviin yhdistyksiin ja tahoihin. Suomalaiset nettikasinot tarjoavat usein linkkej\u00e4 Suomessa toimiviin apuj\u00e4rjest\u00f6ihin, joita ovat muun muassa Peluuri, P\u00e4ihdelinkki, Pelirajaton, Nimett\u00f6m\u00e4t pelurit ja A-Klinikka. Apua voit hakea my\u00f6s kansainv\u00e4lisilt\u00e4 j\u00e4rjest\u00f6ilt\u00e4, kuten Gamcare ja Gamble Aware, jotka palvelevat sinua englanniksi.&nbsp;&nbsp;<\/p>\n\n\n\n<h3 class=\"wp-block-heading\"><a><\/a>Estoty\u00f6kalut<\/h3>\n\n\n\n<p>Estoty\u00f6kalut ovat nettikasinoiden ulkopuolisia ty\u00f6kaluja, joiden avulla voit est\u00e4\u00e4 itselt\u00e4si p\u00e4\u00e4syn yht\u00e4-aikaisesti useille sivustoille. Estoty\u00f6kalut ovat hyv\u00e4 valinta etenkin, jos sinulla on pelitili usealla eri kasinolla. N\u00e4m\u00e4 Peliesto-sovellukset asennetaan suoraan laitteelle ja niill\u00e4 voit k\u00e4tev\u00e4sti est\u00e4\u00e4 p\u00e4\u00e4syn jopa sadoille eri nettikasinoille. Suosittuja peliesto-sovelluksia ovat seuraavat:<\/p>\n\n\n\n<p>&#8211; BetBlocker<\/p>\n\n\n\n<p>&#8211; Betfilter<\/p>\n\n\n\n<p>&#8211; Gamban<\/p>\n\n\n\n<p>&#8211; Gamblock<\/p>\n\n\n\n<p>Peliesto-sovellusten lis\u00e4ksi voit asettaa eston my\u00f6s moniin maksutapoihin, kuten Zimplerille ja Trustlylle.<\/p>\n\n\n\n<h2 class=\"wp-block-heading\" class=\"wp-block-heading\" id=\"yhteenveto\"><a><\/a>Yhteenveto<\/h2>\n\n\n\n<p>Pelirajat ovat t\u00e4rke\u00e4 ja samalla my\u00f6s helppo tapa huolehtia siit\u00e4, ett\u00e4 oma pelaaminen pysyy hallinnassa eik\u00e4 pelaamisesta aiheudu haittaa taloudellisesti tai henkisesti. Pelirajat on aina hyv\u00e4 asettaa kasinolla jo ennen kuin aloitat pelaamisen. Asettamalla pelirajat voit varmistaa, ett\u00e4 voit pit\u00e4\u00e4 kiinni omasta pelibudjetista ja yll\u00e4pit\u00e4\u00e4 tervett\u00e4 tasapainoa pelaamisen ja muun el\u00e4m\u00e4n v\u00e4lill\u00e4.<\/p>\n\n\n\n<p>Mik\u00e4li oma pelaaminen mietitytt\u00e4\u00e4 tai aiheuttaa haasteita taloudellisesti ja henkisesti, kannattaa aina hakea apua. Nettikasinoiden asiakaspalvelijat on koulutettu tunnistamaan ongelmapelaamisen ja he voivat tarvittaessa opastaa sinua oikeanlaisen avun piiriin. Suomessa voit hakea apua my\u00f6s erilaisista tukij\u00e4rjest\u00f6ist\u00e4 tai sosiaali- ja terveydenhuollon palveluista.<\/p>\n\n\n\n<p>Asettamalla sinulle sopivat pelirajat ja tarkkailemalla aktiivisesti omaa pelaamista, voit nauttia rahapelien tarjoamasta j\u00e4nnityksest\u00e4 ja voitoista vastuullisesti.<\/p>\n","protected":false},"excerpt":{"rendered":"<p>Pelirajat ovat yksi t\u00e4rkeimmist\u00e4 nettikasinoiden tarjoamista vastuullisen pelaamisen ty\u00f6kaluista. Pelirajat tarjoavat sinulle mahdollisuuden pelata vastuullisesti niin, ettei pelaamisesta aiheudu sinulle haittaa eik\u00e4 se muodostu ongelmaksi&#8230;.<\/p>\n","protected":false},"author":8,"featured_media":0,"parent":0,"menu_order":0,"comment_status":"closed","ping_status":"closed","template":"","meta":{"_acf_changed":false,"footnotes":""},"class_list":["post-1286","page","type-page","status-publish","hentry"],"acf":[],"_links":{"self":[{"href":"https:\/\/suomikasinot.fi\/fi-fi\/wp-json\/wp\/v2\/pages\/1286","targetHints":{"allow":["GET"]}}],"collection":[{"href":"https:\/\/suomikasinot.fi\/fi-fi\/wp-json\/wp\/v2\/pages"}],"about":[{"href":"https:\/\/suomikasinot.fi\/fi-fi\/wp-json\/wp\/v2\/types\/page"}],"author":[{"embeddable":true,"href":"https:\/\/suomikasinot.fi\/fi-fi\/wp-json\/wp\/v2\/users\/8"}],"replies":[{"embeddable":true,"href":"https:\/\/suomikasinot.fi\/fi-fi\/wp-json\/wp\/v2\/comments?post=1286"}],"version-history":[{"count":3,"href":"https:\/\/suomikasinot.fi\/fi-fi\/wp-json\/wp\/v2\/pages\/1286\/revisions"}],"predecessor-version":[{"id":1290,"href":"https:\/\/suomikasinot.fi\/fi-fi\/wp-json\/wp\/v2\/pages\/1286\/revisions\/1290"}],"wp:attachment":[{"href":"https:\/\/suomikasinot.fi\/fi-fi\/wp-json\/wp\/v2\/media?parent=1286"}],"curies":[{"name":"wp","href":"https:\/\/api.w.org\/{rel}","templated":true}]}}