{"id":1284,"date":"2025-09-15T19:08:59","date_gmt":"2025-09-15T16:08:59","guid":{"rendered":"https:\/\/suomikasinot.fi\/?page_id=1284"},"modified":"2025-09-15T19:09:02","modified_gmt":"2025-09-15T16:09:02","slug":"vastuullinen-pelaaminen","status":"publish","type":"page","link":"https:\/\/suomikasinot.fi\/fi-fi\/vastuullinen-pelaaminen\/","title":{"rendered":"Vastuullinen pelaaminen"},"content":{"rendered":"\n<p>Vastuullinen pelaaminen tarkoittaa omien rajojen tiedostamista, tunnistamista ja pysymist\u00e4 n\u00e4iss\u00e4 rajoissa. Vastuullinen pelaaminen auttaa sinua pit\u00e4m\u00e4\u00e4n pelaamisen hallinnassa ja ehk\u00e4isem\u00e4\u00e4n peliriippuvuutta.<\/p>\n\n\n\n<p>K\u00e4yt\u00e4nn\u00f6ss\u00e4 vastuullinen pelaaminen tarkoittaa siis sit\u00e4, ett\u00e4 pelaat asettamasi budjetin rajoissa ja k\u00e4yt\u00e4t pelaamiseen vain sopivan m\u00e4\u00e4r\u00e4n aikaa. N\u00e4in toimimalla pelaamisesta ei aiheudu sinulle taloudellisia, terveydellisi\u00e4 tai sosiaalisia ongelmia. Pitk\u00e4ll\u00e4 aikav\u00e4lill\u00e4 vastuullinen pelaaminen auttaa sinua v\u00e4ltt\u00e4m\u00e4\u00e4n peliriippuvuuden aiheuttamia ongelmia.<\/p>\n\n\n\n<p>Pelaamisen ei tulisi koskaan olla keino hakea helpotusta esimerkiksi stressaavaan el\u00e4m\u00e4ntilanteeseen tai ainoa tapa ansaita rahaa. Pelaamalla vastuullisesti voit nauttia peleist\u00e4 j\u00e4nnitt\u00e4v\u00e4n\u00e4 viihteen\u00e4 jollaiseksi ne on tarkoitettu.<\/p>\n\n\n\n<p>Nykyisin kaikki turvalliset nettikasinot ja vedonly\u00f6ntisivustot kannustavat pelaajiaan vastuulliseen pelaamiseen. Nettikasinoiden ja vedonly\u00f6ntisivustojen vastuulla on tarjota pelaajilleen turvallinen ja reilu peliymp\u00e4rist\u00f6, erilaisia ty\u00f6kaluja pelaamisen hallintaan sek\u00e4 riitt\u00e4v\u00e4sti tietoa peliriippuvuuden riskeist\u00e4.&nbsp;<\/p>\n\n\n\n<p>T\u00e4ll\u00e4 sivulla kerromme sinulle yksityiskohtaisesti mit\u00e4 vastuullinen pelaaminen on ja mitk\u00e4 ovat vastuullisen pelaamisen periaatteet. Lis\u00e4ksi kerromme miten voit pelata vastuullisesti, mit\u00e4 vastuullisen pelaamisen ty\u00f6kalut ovat ja mit\u00e4 on peliriippuvuus ja miten sen voi tunnistaa. L\u00f6yd\u00e4t t\u00e4lt\u00e4 sivulta my\u00f6s luettelon tukiorganisaatioista, joista saat tarvittaessa apua.<\/p>\n\n\n\n<h2 class=\"wp-block-heading\" class=\"wp-block-heading\" id=\"mita-vastuullinen-pelaaminen-on\"><a><\/a>Mit\u00e4 vastuullinen pelaaminen on?<\/h2>\n\n\n\n<p>Vastuullinen pelaaminen tarkoittaa pelaamista, joka on hallittua, tietoista ja vapaaehtoista eik\u00e4 siit\u00e4 aiheudu sinulle haitallisia seurauksia. Vastuullinen pelaaminen tarkoittaa, ett\u00e4 pelaat vain sen verran kuin sinulla varaa h\u00e4vit\u00e4, ymm\u00e4rr\u00e4t pelaamiseen liittyv\u00e4t riskit ja hy\u00f6dynn\u00e4t pelaamisessa nettikasinoiden ja vedonly\u00f6ntisivustojen tarjoamia ty\u00f6kaluja oman pelaamisen hallintaan.<\/p>\n\n\n\n<p>Vastuullista pelaamista on my\u00f6s se, ettet pelaa esimerkiksi stressaantuneena, masentuneena tai alkoholin vaikutuksen alaisena. Pelaamisen ei koskaan tulisi olla tapa ansaita rahaa tai voittaa takaisin jo h\u00e4vittyj\u00e4 summia.<\/p>\n\n\n\n<p>Vastuullinen pelaaminen on aina ennaltaehk\u00e4isev\u00e4\u00e4 toimintaa, jonka tarkoituksena on pit\u00e4\u00e4 pelaaminen hallinnassa ja minimoida mahdollisten peliongelmien tai peliriippuvuuden mahdollisuus. T\u00e4t\u00e4 tarkoitusta edesauttavat nettikasinoiden tarjoamat vastuullisen pelaamisen ty\u00f6kalut, pelioperaattoreiden tarjoama tieto sek\u00e4 tietoisuus ja helppo p\u00e4\u00e4sy erilaisiin auttaviin tahoihin, kuten esimerkiksi Peluuri.<\/p>\n\n\n\n<p>Vastuu omasta pelaamisesta ja pelik\u00e4ytt\u00e4ytymisest\u00e4 on aina pelaajalla itsell\u00e4\u00e4n, mutta sen lis\u00e4ksi vastuu jakautuu my\u00f6s pelej\u00e4 tarjoaville pelioperaattoreille, pelialan viranomaisille sek\u00e4 pelilisenssej\u00e4 tarjoaville tahoille. Parhaimmillaan vastuullinen pelaaminen n\u00e4kyy n\u00e4iden edell\u00e4 mainittujen tahojen saumattomana yhteisty\u00f6n\u00e4 edist\u00e4en n\u00e4in terveemp\u00e4\u00e4 ja turvallisempaa pelikulttuuria.<\/p>\n\n\n\n<h2 class=\"wp-block-heading\" class=\"wp-block-heading\" id=\"vastuullinen-pelaaminen-lyhyesti\"><a><\/a>Vastuullinen pelaaminen lyhyesti<\/h2>\n\n\n\n<p>Vastuullinen pelaaminen sis\u00e4lt\u00e4\u00e4 lyhyesti selitettyn\u00e4 muun muassa seuraavaa:&nbsp;<\/p>\n\n\n\n<p>&#8211; Omien rajojen ymm\u00e4rt\u00e4minen ja tunnistaminen<\/p>\n\n\n\n<p>&#8211; Oman taloudellisen tilanteen huomioiminen<\/p>\n\n\n\n<p>&#8211; Riskien ymm\u00e4rt\u00e4misen ja huomioimisen<\/p>\n\n\n\n<p>&#8211; Aikarajojen ja talletusrajojen asettamisen<\/p>\n\n\n\n<p>N\u00e4iden edell\u00e4 mainittujen toimintamuotojen tarkoituksena on pit\u00e4\u00e4 pelaaminen hallinnassa ja varmistaa, ett\u00e4 siit\u00e4 ei koidu sinulle mink\u00e4\u00e4nlaisia taloudellisia, sosiaalisia tai psykologisia haittoja tai ongelmia.<\/p>\n\n\n\n<h3 class=\"wp-block-heading\"><a><\/a>Vastuullisen pelaamisen periaatteet<\/h3>\n\n\n\n<p>Vastuullista pelaamista edist\u00e4v\u00e4t my\u00f6s tietyt periaatteet, joiden mukaan kaikki turvalliset pelioperaattorit toimivat. N\u00e4it\u00e4 periaatteita ovat muun muassa seuraavat:<\/p>\n\n\n\n<p>&#8211; Mahdollisuus asettaa pelitilill\u00e4 aika-, talletus- ja tappiorajat: Voit asettaa rajoituksia p\u00e4iv\u00e4-, viikko-, tai kuukausikohtaisesti. Aikarajat ovat useimpien peliviranomaisten lisenssivaatimus.<\/p>\n\n\n\n<p>&#8211; Ik\u00e4rajavalvonta ja peliestot alaik\u00e4isille: Alaik\u00e4isten pelaajien est\u00e4minen nettikasinoilla esimerkiksi KYC-prosessin avulla ehk\u00e4isee peliongelmia.&nbsp;&nbsp;<\/p>\n\n\n\n<p>&#8211; Todellisuustarkistukset ja aikamuistutukset: Todellisuustarkistusten ja aikamuistutusten avulla voit suunnitella ja hallita pelaamistasi.&nbsp;<\/p>\n\n\n\n<p>&#8211; Reilut ja selke\u00e4t kampanja- ja bonusehdot: Selke\u00e4t ja helposti ymm\u00e4rrett\u00e4v\u00e4t ehdot auttavat sinua arvioimaan tarjouksiin ja peleihin liittyvi\u00e4 riskej\u00e4.&nbsp;<\/p>\n\n\n\n<p>&#8211; Mahdollisuus sulkea pelitili valiaikaisesti tai pysyv\u00e4sti: Peliestot ovat nettikasinoiden tarjoama t\u00e4rke\u00e4 ty\u00f6kalu, jolla edistet\u00e4\u00e4n vastuullista pelaamista.&nbsp;<\/p>\n\n\n\n<p>&#8211; Itsearvinointitestit: Voit tarkastella ja arvioida omaa pelik\u00e4ytt\u00e4ytymist\u00e4si joko nettikasinoiden tai erilaisten auttavien tahojen, kuten Peluurin tarjoamilla testeill\u00e4.&nbsp;<\/p>\n\n\n\n<p>&#8211; Mahdollisuus tarkastella tapahtumahistoriaa: Omia pelitietoja tarkastelemalla ymm\u00e4rr\u00e4t paremmin omaa pelik\u00e4ytt\u00e4ytymist\u00e4. Voit seurata esimerkiksi peleihin k\u00e4ytettyj\u00e4 summia, peliaikaa sek\u00e4 voittoja ja tappioita.&nbsp;&nbsp;<\/p>\n\n\n\n<p>&#8211; Ammattitaitoinen ja koulutettu henkil\u00f6kunta: Osaava ja peliongelmien tunnistamiseen&nbsp; koulutettu henkil\u00f6kunta edist\u00e4\u00e4 vastuullista pelaamista ja voi tarvittaessa ohjata sinut avun piiriin.&nbsp;&nbsp;<\/p>\n\n\n\n<p>&#8211; Monipuolisesti tietoa pelaamisesta: Nettikasinon tulee tarjota sinulle selke\u00e4sti ja helposti tietoa vastuullisesta pelaamisesta, pelaamisen riskeist\u00e4 sek\u00e4 mahdollisen peliongelman tunnistamisesta.<\/p>\n\n\n\n<p>&#8211; Pelioperaattoreiden tarjoamat linkit auttaviin tahoihin: Nettikasinon tulisi tarjota sinulle linkit sek\u00e4 yhteystiedot peliriippuvuudessa auttaviin tukiorganisaatioihin.&nbsp;<\/p>\n\n\n\n<p>&#8211; Vastuullinen markkinointi: Nettikasinoiden ja pelialan markkinointiin keskittyvien yritysten tulee toimia vastuullisesti ja eettisesti. Markkinoinnin tulee sis\u00e4lt\u00e4\u00e4 tietoa vastuullisesta pelaamisesta, eik\u00e4 se saa olla harhaanjohtavaa. Alaik\u00e4isille markkinointi on kielletty\u00e4.&nbsp;&nbsp;&nbsp;&nbsp;<\/p>\n\n\n\n<h2 class=\"wp-block-heading\" class=\"wp-block-heading\" id=\"miten-voit-pelata-vastuullisesti\"><a><\/a>Miten voit pelata vastuullisesti?<\/h2>\n\n\n\n<p>Voit pelata vastuullisesti k\u00e4ytt\u00e4m\u00e4ll\u00e4 nettikasinoiden tarjoamia ty\u00f6kaluja oman pelaamisen hallintaan. Vastuullisen pelaamisen ty\u00f6kaluilla varmistat, ett\u00e4 pelaamisesi tapahtuu sinulle sopivissa rajoissa ja samalla riski peliongelmasta pienenee. Kerromme vastuullisen pelaamisen ty\u00f6kaluista tarkemmin seuraavassa luvussa.<\/p>\n\n\n\n<p>Vastuullisessa pelaamisessa on t\u00e4rke\u00e4\u00e4 tunnistaa my\u00f6s omat rajat ja resurssit. Kannattaa siis jo ennen pelaamisen aloittamista pohtia, kuinka paljon sinulla on mahdollista k\u00e4ytt\u00e4\u00e4 aikaa ja rahaa pelaamiseen ilman, ett\u00e4 se vaikuttaa negatiivisesti normaaliin el\u00e4m\u00e4\u00e4n. Nettikasinon pelitilill\u00e4 voit my\u00f6s tarkastella kuinka paljon aikaa ja rahaa olet k\u00e4ytt\u00e4nyt ja kuinka paljon sinulle on kertynyt voittoja ja tappiota.<\/p>\n\n\n\n<p>Mik\u00e4li oma pelaaminen mietitytt\u00e4\u00e4, kannattaa tehd\u00e4 kasinosivustolla itsearviointitesti, jonka avulla voit tarkastella omaa pelik\u00e4ytt\u00e4ytymist\u00e4si ja huomata mahdollisen peliongelman.&nbsp;&nbsp;&nbsp;&nbsp;&nbsp;<\/p>\n\n\n\n<h3 class=\"wp-block-heading\"><a><\/a>Viisi vinkki\u00e4 vastuulliseen pelaamiseen<\/h3>\n\n\n\n<p>Seuraavien viiden vinkin avulla voit varmistaa, ett\u00e4 pelaaminen on mahdollisimman vastuullista:&nbsp;<\/p>\n\n\n\n<p>1. Pelaa pelej\u00e4 vain viihteen\u00e4 ja muista, ett\u00e4 pelit perustuvat vain tuuriin.&nbsp;<\/p>\n\n\n\n<p>2. \u00c4l\u00e4 koskaan lainaa rahaa pelaamista varten tai yrit\u00e4 saada h\u00e4vittyj\u00e4 rahoja takaisin pelaamalla lis\u00e4\u00e4.<\/p>\n\n\n\n<p>3. \u00c4l\u00e4 pelaa stressaantuneena, masentuneena tai p\u00e4ihteiden vaikutuksen alaisena.<\/p>\n\n\n\n<p>4. Pid\u00e4 pelaamisesta s\u00e4\u00e4nn\u00f6llisesti taukoja.<\/p>\n\n\n\n<p>5. Hae apua heti, jos oma pelaaminen mietitytt\u00e4\u00e4 tai on jo muodostunut ongelmaksi.<\/p>\n\n\n\n<h2 class=\"wp-block-heading\" class=\"wp-block-heading\" id=\"mita-ovat-vastuullisen-pelaamisen-tyokalut\"><a><\/a>Mit\u00e4 ovat vastuullisen pelaamisen ty\u00f6kalut?<\/h2>\n\n\n\n<p>Vastuullisen pelaamisen ty\u00f6kalut ovat pelaamisen rajoittamiseen tarkoitettuja ty\u00f6kaluja, joiden avulla voit rajoittaa helposti pelaamista sek\u00e4 rahan ja ajan k\u00e4ytt\u00f6\u00e4. Yleisimpi\u00e4 vastuullisen pelaamisen ty\u00f6kaluja ovat pelirajat, itsens\u00e4 rajoittaminen ja pelikielto, pelitauko, aikamuistutukset ja itsearviointitestit. Vastuullisen pelaamisen ty\u00f6kalut tarjoavat sinulle helpon tavan ehk\u00e4ist\u00e4 mahdollisia peliongelmia ja pelata netin rahapelej\u00e4 turvallisesti ja vastuullisesti.<\/p>\n\n\n\n<p>Luotettavat peliviranomaiset vaativat lisenssiehdoissa vastuullisen pelaamisen ty\u00f6kalujen tarjoamista lisensoimillaan nettikasinoilla. Vastuullisen pelaamisen ty\u00f6kalujen lis\u00e4ksi kaikki luotettavat nettikasinot noudattavat my\u00f6s vastuullisen pelaamisen k\u00e4yt\u00e4nt\u00f6j\u00e4.<\/p>\n\n\n\n<p>N\u00e4it\u00e4 k\u00e4yt\u00e4nt\u00f6j\u00e4 ovat esimerkiksi KYC (Know Your Customer) -prosessi, jonka avulla nettikasino voi varmistua pelaajan henkil\u00f6llisyydest\u00e4 ja t\u00e4ysi-ik\u00e4isyydest\u00e4 sek\u00e4 mist\u00e4 pelaamiseen k\u00e4ytett\u00e4v\u00e4t varat ovat l\u00e4ht\u00f6isin. Pikakasinoilla KYC-prosessi tapahtuu automaattisesti verkkopankkitunnuksilla. Perinteisill\u00e4 kasinoilla voit joutua suorittamaan prosessin l\u00e4hett\u00e4m\u00e4ll\u00e4 kasinolle dokumentteja, kuten kuvan passista sek\u00e4 talouslaskusta.<\/p>\n\n\n\n<p>Vastuullisen pelaamisen periaatteisiin nettikasinoilla kuuluu my\u00f6s tiedon ja avun tarjoaminen. Nettikasinoiden sivulta tulee l\u00f6yty\u00e4 monipuolisesti tietoa peliriippuvuuden tunnistamisesta ja ehk\u00e4isyst\u00e4 sek\u00e4 linkkej\u00e4 apua tarjoaviin tukiorganisaatioihin, kuten suomalainen Peluuri.<\/p>\n\n\n\n<h2 class=\"wp-block-heading\" class=\"wp-block-heading\" id=\"mita-on-peliriippuvuus\"><a><\/a>Mit\u00e4 on peliriippuvuus?<\/h2>\n\n\n\n<p>Peliriippuvuus tai uhkapeliriippuvuus on vakava mielenterveysongelma, jolla on my\u00f6s tautiluokitus. Peliriippuvuus on Suomessa k\u00e4yt\u00f6ss\u00e4 olevan WHO:n ICD\u2013tautiluokituksen mukaan vakava rahapeliongelma, joka m\u00e4\u00e4ritell\u00e4\u00e4n pelihimoksi (F63.0) tai DSM-5-tautiluokituksen mukaan rahapeliriippuvuudeksi.<\/p>\n\n\n\n<p>Peliriippuvuus on toiminnallinen riippuvuus, jossa pelaajalla on pakonomainen ja toistuva tarve pelata rahapelej\u00e4. Peliriippuvuus jatkuu ja lis\u00e4\u00e4ntyy, vaikka pelaaja haluaisi p\u00e4\u00e4st\u00e4 pelaamisesta eroon. Riippuvuus vaikuttaa pelaajan lis\u00e4ksi my\u00f6s h\u00e4nen l\u00e4heisiins\u00e4 ja muuhun sosiaaliseen ymp\u00e4rist\u00f6\u00f6n kielteisesti.<\/p>\n\n\n\n<p>Peliriippuvuus vaikuttaa kielteisesti talouteen ja suoriutumiseen ty\u00f6el\u00e4m\u00e4ss\u00e4 tai opinnoissa, mink\u00e4 lis\u00e4ksi sill\u00e4 on kielteisi\u00e4 vaikutuksia my\u00f6s psyykkiseen ja jopa fyysiseen terveyteen.&nbsp;&nbsp;<\/p>\n\n\n\n<p>Peliriippuvuuden syntyyn voivat vaikuttaa muun muassa geenitekij\u00e4t, henkil\u00f6n oma persoonallisuus sek\u00e4 halu ottaa riskej\u00e4. My\u00f6s vaativa el\u00e4m\u00e4ntilanne sek\u00e4 erilaiset mielen h\u00e4iri\u00f6t voivat altistaa ongelmapelaamiselle.<\/p>\n\n\n\n<p>Terveyden ja hyvinvoinnin laitoksen THL:n tutkimuksen (2024) mukaan Suomessa noin 4,4 % aikuisista k\u00e4rsii rahapelaamiseen liittyvist\u00e4 peliongelmista. Suurin riski peliriippuvuuden kehittymiseen on nuorilla aikuisilla ja miehill\u00e4.<\/p>\n\n\n\n<p>Peliriippuvuudesta on mahdollista toipua ja sit\u00e4 voidaan hoitaa monella eri tavalla. T\u00e4rkeint\u00e4 on hakea apua heti, jos ep\u00e4ilet ettei pelaaminen ole en\u00e4\u00e4 hallinnassa tai se aiheuttaa haittaa normaaliin arkeen, talouteen tai sosiaalisiin suhteisiin.<\/p>\n\n\n\n<h3 class=\"wp-block-heading\"><a><\/a>Miten tunnistaa peliriippuvuus?<\/h3>\n\n\n\n<p>Peliriippuvuus voi olla vaikea tunnistaa, sill\u00e4 se muodostuu usein v\u00e4hitellen. Yleisimm\u00e4t peliriippuvuuden oireet ovat muun muassa lis\u00e4\u00e4ntynyt pelaamisen m\u00e4\u00e4r\u00e4 ja pelaamisen salailu ja pelaamiseen k\u00e4ytetyn rahank\u00e4yt\u00f6n kasvaminen riippumatta siit\u00e4 onko siihen varaa.<\/p>\n\n\n\n<p>Lis\u00e4ksi peliriippuvuus vaikuttaa ihmissuhteisiin sek\u00e4 arkeen ja ty\u00f6h\u00f6n negatiivisesti. Peliriippuvuudesta k\u00e4rsiv\u00e4ll\u00e4 voi olla my\u00f6s unih\u00e4iri\u00f6it\u00e4 ja muita fyysisi\u00e4 oireita, mielialan vaihteluita ja sosiaalista erist\u00e4ytymist\u00e4.<\/p>\n\n\n\n<p>Mik\u00e4li ep\u00e4ilet, ett\u00e4 sinulla tai l\u00e4heisell\u00e4si on kehittynyt peliriippuvuus on t\u00e4rke\u00e4\u00e4 puhua asiasta l\u00e4heisille ja hakea viipym\u00e4tt\u00e4 apua.&nbsp;&nbsp;&nbsp;<\/p>\n\n\n\n<p><strong>Peliriippuvuuden oireita:<\/strong><\/p>\n\n\n\n<p>&#8211; Pelaamisen m\u00e4\u00e4r\u00e4n lis\u00e4\u00e4ntyminen<\/p>\n\n\n\n<p>&#8211; Pakonomainen tarve pelata<\/p>\n\n\n\n<p>&#8211; Kyvytt\u00f6myys lopettaa pelaaminen<\/p>\n\n\n\n<p>&#8211; Tappioiden jahtaaminen<\/p>\n\n\n\n<p>&#8211; Mielialan vaihtelut ja \u00e4rtyisyys<\/p>\n\n\n\n<p>&#8211; Taloudelliset vaikeudet tai velkaantuminen pelaamisen takia<\/p>\n\n\n\n<p>&#8211; Pelaamisen salailu<\/p>\n\n\n\n<p>&#8211; Sosiaalinen erist\u00e4ytyminen<\/p>\n\n\n\n<p>&#8211; Masennus, ahdistus ja unettomuus<\/p>\n\n\n\n<p>&#8211; Itsetuhoiset ajatukset<\/p>\n\n\n\n<h2 class=\"wp-block-heading\" class=\"wp-block-heading\" id=\"vastuullinen-pelaaminen-ehkaisee-peliriippuvuuden-syntymista\"><a><\/a>Vastuullinen pelaaminen ehk\u00e4isee peliriippuvuuden syntymist\u00e4<\/h2>\n\n\n\n<p>Vastuullinen pelaaminen ehk\u00e4isee peliriippuvuuden muodostumista ja tarjoaa sinulle mahdollisuuden nauttia rahapelaamisesta hallitusti ja turvallisesti. Vaikka vastuu pelaamisesta on sinulla, tarjoavat my\u00f6s nettikasinot, peliviranomaiset ja lisenssit sek\u00e4 peliriippuvuuksia hoitavat tahot useita eri tapoja ja periaatteita rajoittaa pelaamista tai hakea mahdolliseen peliriippuvuuteen apua.<\/p>\n\n\n\n<p>Nettikasinoiden tarjoamat vastuullisen pelaamisen ty\u00f6kalut ovat kasinopelaajille helppo tapa varmistua siit\u00e4, ett\u00e4 oma pelaaminen pysyy hallinnassa. N\u00e4it\u00e4 ty\u00f6kaluja, kuten pelirajoituksia, aikamuistutuksia ja itsearviointitestej\u00e4 kannattaa hy\u00f6dynt\u00e4\u00e4 jo ennen pelaamisen aloittamista ja varmistaa n\u00e4in toimimalla itselleen viihdytt\u00e4v\u00e4 ja turvallinen pelikokemus.&nbsp;<\/p>\n\n\n\n<h2 class=\"wp-block-heading\" class=\"wp-block-heading\" id=\"mista-loytaa-apua-ja-tukea-peliriippuvuuden-hoitoon\"><a><\/a>Mist\u00e4 l\u00f6yt\u00e4\u00e4 apua ja tukea peliriippuvuuden hoitoon?<\/h2>\n\n\n\n<p>Apua ja tukea peliriippuvuuden hoitoon Suomessa on tarjolla useita eri sivustoja yhdistyksi\u00e4. Monet n\u00e4ist\u00e4 yhdistyksist\u00e4 ja sivustoista perustuvat vertaistukeen. Suomessa peliriippuvuuteen apua tarjoavat esimerkiksi seuraavat tahot:<\/p>\n\n\n\n<p>&#8211; Peluuri &#8211; Tietoa ja tukea saat Peluurista, johon voit ottaa yhteytt\u00e4 puhelimen tai chatin v\u00e4lityksell\u00e4. Peluuri tarjoaa tukea ja k\u00e4yt\u00e4nn\u00f6n neuvoja my\u00f6s peliriippuvaisen l\u00e4heisille. https:\/\/www.peluuri.fi\/<\/p>\n\n\n\n<p>&#8211; P\u00e4ihdelinkki &#8211; Verkkoneuvontapalvelun kautta saat apua p\u00e4ihde- ja riippuvuusty\u00f6n ammattilaisilta tai kokemusasiantuntijoilta. https:\/\/paihdelinkki.fi\/neuvonta\/<\/p>\n\n\n\n<p>&#8211; A-klinikkas\u00e4\u00e4ti\u00f6 &#8211; A-klinikka tarjoaa neuvontapalvelua, tietoa, vertaistukea, testej\u00e4 sek\u00e4 yksil\u00f6- ja ryhm\u00e4chatteja. https:\/\/a-klinikkasaatio.fi\/<\/p>\n\n\n\n<p>&#8211; Terveyspalvelut &#8211; Apua peliriippuvuuteen voit hakea my\u00f6s oman kunnan terveyspalveluista, opiskelijaterveyspalveluista, ty\u00f6terveyspalvelusta tai paikallisista p\u00e4ihdepalveluista.<\/p>\n\n\n\n<p>&#8211; Nimett\u00f6m\u00e4t pelurit &#8211; Vapaaehtois- ja vertaistukitoimintaan perustuva Nimett\u00f6m\u00e4t pelurit tarjoaa mahdollisuuden jakaa kokemuksia ja toivoa yhdess\u00e4 muiden peliongelmista toipuvien kanssa. https:\/\/www.nimettomatpelurit.fi\/<\/p>\n\n\n\n<p>&#8211; Pelirajaton &#8211; Vertaistukeen perustuva Pelirajaton tarjoaa valtakunnallisesti erilaisia tukiryhmi\u00e4 peliriippuvuudesta k\u00e4rsiville sek\u00e4 heid\u00e4n l\u00e4heisilleen. Yhteytt\u00e4 voi ottaa my\u00f6s puhelimitse tai chatissa. https:\/\/pelirajaton.fi\/<\/p>\n\n\n\n<p>&#8211; Tiltti &#8211; Tiltill\u00e4 on useita toimipisteit\u00e4 etel\u00e4isess\u00e4 Suomessa. Tiltti tarjoaa tietoa ja tukea peliongelmista ja sen toiminta perustuu vertaisryhm\u00e4toimintaan. https:\/\/www.tiltti.fi\/&nbsp;&nbsp;<\/p>\n\n\n\n<p>&#8211; Kantamo &#8211; Kantamo tarjoaa Minnesota-malliin perustuvaa laitosmaista p\u00e4ihde- ja riippuvuuskuntoutusta kuntoutuskeskuksissa. https:\/\/kantamo.fi\/<\/p>\n","protected":false},"excerpt":{"rendered":"<p>Vastuullinen pelaaminen tarkoittaa omien rajojen tiedostamista, tunnistamista ja pysymist\u00e4 n\u00e4iss\u00e4 rajoissa. Vastuullinen pelaaminen auttaa sinua pit\u00e4m\u00e4\u00e4n pelaamisen hallinnassa ja ehk\u00e4isem\u00e4\u00e4n peliriippuvuutta. K\u00e4yt\u00e4nn\u00f6ss\u00e4 vastuullinen pelaaminen tarkoittaa&#8230;<\/p>\n","protected":false},"author":8,"featured_media":0,"parent":0,"menu_order":0,"comment_status":"closed","ping_status":"closed","template":"","meta":{"_acf_changed":false,"footnotes":""},"class_list":["post-1284","page","type-page","status-publish","hentry"],"acf":[],"_links":{"self":[{"href":"https:\/\/suomikasinot.fi\/fi-fi\/wp-json\/wp\/v2\/pages\/1284","targetHints":{"allow":["GET"]}}],"collection":[{"href":"https:\/\/suomikasinot.fi\/fi-fi\/wp-json\/wp\/v2\/pages"}],"about":[{"href":"https:\/\/suomikasinot.fi\/fi-fi\/wp-json\/wp\/v2\/types\/page"}],"author":[{"embeddable":true,"href":"https:\/\/suomikasinot.fi\/fi-fi\/wp-json\/wp\/v2\/users\/8"}],"replies":[{"embeddable":true,"href":"https:\/\/suomikasinot.fi\/fi-fi\/wp-json\/wp\/v2\/comments?post=1284"}],"version-history":[{"count":1,"href":"https:\/\/suomikasinot.fi\/fi-fi\/wp-json\/wp\/v2\/pages\/1284\/revisions"}],"predecessor-version":[{"id":1285,"href":"https:\/\/suomikasinot.fi\/fi-fi\/wp-json\/wp\/v2\/pages\/1284\/revisions\/1285"}],"wp:attachment":[{"href":"https:\/\/suomikasinot.fi\/fi-fi\/wp-json\/wp\/v2\/media?parent=1284"}],"curies":[{"name":"wp","href":"https:\/\/api.w.org\/{rel}","templated":true}]}}